{"id":8565,"date":"2023-03-06T17:28:27","date_gmt":"2023-03-06T16:28:27","guid":{"rendered":"https:\/\/shop.texma-gmbh.de\/1shop\/?post_type=product&#038;p=8565"},"modified":"2023-03-07T11:59:15","modified_gmt":"2023-03-07T10:59:15","slug":"core-team-bag","status":"publish","type":"product","link":"https:\/\/shop.texma-gmbh.de\/1shop\/produkt\/core-team-bag\/","title":{"rendered":"CORE TEAM BAG"},"content":{"rendered":"<ul>\n<li>Qualit\u00e4t: 100 % Polyester<\/li>\n<li>Ma\u00dfe: L\u00e4nge: 80 cm \/ Breite &#8211; 42 cm \/ H\u00f6he 35 cm<\/li>\n<li>Volumen 118 Liter<\/li>\n<\/ul>\n<p>&nbsp;<\/p>\n<ul>\n<li>Stabilisierter Boden<\/li>\n<li>Verstellbarer, gepolsterter Schultergurt<\/li>\n<li>Gepolsterter Griff<\/li>\n<\/ul>\n<p>&nbsp;<\/p>\n","protected":false},"excerpt":{"rendered":"<p>Qualit\u00e4t: 100 % Polyester Ma\u00dfe: L\u00e4nge: 80 cm \/ Breite &#8211; 42 cm \/ H\u00f6he 35 cm Volumen 118 Liter\u2026<\/p>\n","protected":false},"featured_media":8566,"template":"","meta":[],"product_brand":[],"product_cat":[310],"product_tag":[],"class_list":{"0":"post-8565","1":"product","2":"type-product","3":"status-publish","4":"has-post-thumbnail","6":"product_cat-spvgg-renningen","8":"first","9":"instock","10":"taxable","11":"shipping-taxable","12":"purchasable","13":"product-type-simple"},"yoast_head":"<!-- This site is optimized with the Yoast SEO plugin v27.4 - https:\/\/yoast.com\/product\/yoast-seo-wordpress\/ -->\n<title>CORE TEAM BAG - TEXMA Textilmarketing GmbH<\/title>\n<meta name=\"robots\" content=\"noindex, follow, max-snippet:-1, max-image-preview:large, max-video-preview:-1\" \/>\n<meta property=\"og:locale\" content=\"de_DE\" \/>\n<meta property=\"og:type\" content=\"article\" \/>\n<meta property=\"og:title\" content=\"CORE TEAM BAG - TEXMA Textilmarketing GmbH\" \/>\n<meta property=\"og:description\" content=\"Qualit\u00e4t: 100 % Polyester Ma\u00dfe: L\u00e4nge: 80 cm \/ Breite &#8211; 42 cm \/ H\u00f6he 35 cm Volumen 118 Liter\u2026\" \/>\n<meta property=\"og:url\" content=\"https:\/\/shop.texma-gmbh.de\/1shop\/produkt\/core-team-bag\/\" \/>\n<meta property=\"og:site_name\" content=\"TEXMA Textilmarketing GmbH\" \/>\n<meta property=\"article:modified_time\" content=\"2023-03-07T10:59:15+00:00\" \/>\n<meta property=\"og:image\" content=\"https:\/\/shop.texma-gmbh.de\/1shop\/wp-content\/uploads\/sites\/4\/2023\/03\/204684-9001_3-1-scaled.jpg\" \/>\n\t<meta property=\"og:image:width\" content=\"2560\" \/>\n\t<meta property=\"og:image:height\" content=\"2560\" \/>\n\t<meta property=\"og:image:type\" content=\"image\/jpeg\" \/>\n<meta name=\"twitter:card\" content=\"summary_large_image\" \/>\n<meta name=\"twitter:label1\" content=\"Gesch\u00e4tzte Lesezeit\" \/>\n\t<meta name=\"twitter:data1\" content=\"1\u00a0Minute\" \/>\n<script type=\"application\/ld+json\" class=\"yoast-schema-graph\">{\"@context\":\"https:\\\/\\\/schema.org\",\"@graph\":[{\"@type\":\"WebPage\",\"@id\":\"https:\\\/\\\/shop.texma-gmbh.de\\\/1shop\\\/produkt\\\/core-team-bag\\\/\",\"url\":\"https:\\\/\\\/shop.texma-gmbh.de\\\/1shop\\\/produkt\\\/core-team-bag\\\/\",\"name\":\"CORE TEAM BAG - TEXMA Textilmarketing GmbH\",\"isPartOf\":{\"@id\":\"https:\\\/\\\/shop.texma-gmbh.de\\\/1shop\\\/#website\"},\"primaryImageOfPage\":{\"@id\":\"https:\\\/\\\/shop.texma-gmbh.de\\\/1shop\\\/produkt\\\/core-team-bag\\\/#primaryimage\"},\"image\":{\"@id\":\"https:\\\/\\\/shop.texma-gmbh.de\\\/1shop\\\/produkt\\\/core-team-bag\\\/#primaryimage\"},\"thumbnailUrl\":\"https:\\\/\\\/shop.texma-gmbh.de\\\/1shop\\\/wp-content\\\/uploads\\\/sites\\\/4\\\/2023\\\/03\\\/204684-9001_3-1-scaled.jpg\",\"datePublished\":\"2023-03-06T16:28:27+00:00\",\"dateModified\":\"2023-03-07T10:59:15+00:00\",\"breadcrumb\":{\"@id\":\"https:\\\/\\\/shop.texma-gmbh.de\\\/1shop\\\/produkt\\\/core-team-bag\\\/#breadcrumb\"},\"inLanguage\":\"de\",\"potentialAction\":[{\"@type\":\"ReadAction\",\"target\":[\"https:\\\/\\\/shop.texma-gmbh.de\\\/1shop\\\/produkt\\\/core-team-bag\\\/\"]}]},{\"@type\":\"ImageObject\",\"inLanguage\":\"de\",\"@id\":\"https:\\\/\\\/shop.texma-gmbh.de\\\/1shop\\\/produkt\\\/core-team-bag\\\/#primaryimage\",\"url\":\"https:\\\/\\\/shop.texma-gmbh.de\\\/1shop\\\/wp-content\\\/uploads\\\/sites\\\/4\\\/2023\\\/03\\\/204684-9001_3-1-scaled.jpg\",\"contentUrl\":\"https:\\\/\\\/shop.texma-gmbh.de\\\/1shop\\\/wp-content\\\/uploads\\\/sites\\\/4\\\/2023\\\/03\\\/204684-9001_3-1-scaled.jpg\",\"width\":2560,\"height\":2560},{\"@type\":\"BreadcrumbList\",\"@id\":\"https:\\\/\\\/shop.texma-gmbh.de\\\/1shop\\\/produkt\\\/core-team-bag\\\/#breadcrumb\",\"itemListElement\":[{\"@type\":\"ListItem\",\"position\":1,\"name\":\"Startseite\",\"item\":\"https:\\\/\\\/shop.texma-gmbh.de\\\/1shop\\\/\"},{\"@type\":\"ListItem\",\"position\":2,\"name\":\"Shop\",\"item\":\"https:\\\/\\\/shop.texma-gmbh.de\\\/1shop\\\/shop\\\/\"},{\"@type\":\"ListItem\",\"position\":3,\"name\":\"CORE TEAM BAG\"}]},{\"@type\":\"WebSite\",\"@id\":\"https:\\\/\\\/shop.texma-gmbh.de\\\/1shop\\\/#website\",\"url\":\"https:\\\/\\\/shop.texma-gmbh.de\\\/1shop\\\/\",\"name\":\"TEXMA Textilmarketing GmbH\",\"description\":\"\",\"potentialAction\":[{\"@type\":\"SearchAction\",\"target\":{\"@type\":\"EntryPoint\",\"urlTemplate\":\"https:\\\/\\\/shop.texma-gmbh.de\\\/1shop\\\/?s={search_term_string}\"},\"query-input\":{\"@type\":\"PropertyValueSpecification\",\"valueRequired\":true,\"valueName\":\"search_term_string\"}}],\"inLanguage\":\"de\"}]}<\/script>\n<!-- \/ Yoast SEO plugin. -->","yoast_head_json":{"title":"CORE TEAM BAG - TEXMA Textilmarketing GmbH","robots":{"index":"noindex","follow":"follow","max-snippet":"max-snippet:-1","max-image-preview":"max-image-preview:large","max-video-preview":"max-video-preview:-1"},"og_locale":"de_DE","og_type":"article","og_title":"CORE TEAM BAG - TEXMA Textilmarketing GmbH","og_description":"Qualit\u00e4t: 100 % Polyester Ma\u00dfe: L\u00e4nge: 80 cm \/ Breite &#8211; 42 cm \/ H\u00f6he 35 cm Volumen 118 Liter\u2026","og_url":"https:\/\/shop.texma-gmbh.de\/1shop\/produkt\/core-team-bag\/","og_site_name":"TEXMA Textilmarketing GmbH","article_modified_time":"2023-03-07T10:59:15+00:00","og_image":[{"width":2560,"height":2560,"url":"https:\/\/shop.texma-gmbh.de\/1shop\/wp-content\/uploads\/sites\/4\/2023\/03\/204684-9001_3-1-scaled.jpg","type":"image\/jpeg"}],"twitter_card":"summary_large_image","twitter_misc":{"Gesch\u00e4tzte Lesezeit":"1\u00a0Minute"},"schema":{"@context":"https:\/\/schema.org","@graph":[{"@type":"WebPage","@id":"https:\/\/shop.texma-gmbh.de\/1shop\/produkt\/core-team-bag\/","url":"https:\/\/shop.texma-gmbh.de\/1shop\/produkt\/core-team-bag\/","name":"CORE TEAM BAG - TEXMA Textilmarketing GmbH","isPartOf":{"@id":"https:\/\/shop.texma-gmbh.de\/1shop\/#website"},"primaryImageOfPage":{"@id":"https:\/\/shop.texma-gmbh.de\/1shop\/produkt\/core-team-bag\/#primaryimage"},"image":{"@id":"https:\/\/shop.texma-gmbh.de\/1shop\/produkt\/core-team-bag\/#primaryimage"},"thumbnailUrl":"https:\/\/shop.texma-gmbh.de\/1shop\/wp-content\/uploads\/sites\/4\/2023\/03\/204684-9001_3-1-scaled.jpg","datePublished":"2023-03-06T16:28:27+00:00","dateModified":"2023-03-07T10:59:15+00:00","breadcrumb":{"@id":"https:\/\/shop.texma-gmbh.de\/1shop\/produkt\/core-team-bag\/#breadcrumb"},"inLanguage":"de","potentialAction":[{"@type":"ReadAction","target":["https:\/\/shop.texma-gmbh.de\/1shop\/produkt\/core-team-bag\/"]}]},{"@type":"ImageObject","inLanguage":"de","@id":"https:\/\/shop.texma-gmbh.de\/1shop\/produkt\/core-team-bag\/#primaryimage","url":"https:\/\/shop.texma-gmbh.de\/1shop\/wp-content\/uploads\/sites\/4\/2023\/03\/204684-9001_3-1-scaled.jpg","contentUrl":"https:\/\/shop.texma-gmbh.de\/1shop\/wp-content\/uploads\/sites\/4\/2023\/03\/204684-9001_3-1-scaled.jpg","width":2560,"height":2560},{"@type":"BreadcrumbList","@id":"https:\/\/shop.texma-gmbh.de\/1shop\/produkt\/core-team-bag\/#breadcrumb","itemListElement":[{"@type":"ListItem","position":1,"name":"Startseite","item":"https:\/\/shop.texma-gmbh.de\/1shop\/"},{"@type":"ListItem","position":2,"name":"Shop","item":"https:\/\/shop.texma-gmbh.de\/1shop\/shop\/"},{"@type":"ListItem","position":3,"name":"CORE TEAM BAG"}]},{"@type":"WebSite","@id":"https:\/\/shop.texma-gmbh.de\/1shop\/#website","url":"https:\/\/shop.texma-gmbh.de\/1shop\/","name":"TEXMA Textilmarketing GmbH","description":"","potentialAction":[{"@type":"SearchAction","target":{"@type":"EntryPoint","urlTemplate":"https:\/\/shop.texma-gmbh.de\/1shop\/?s={search_term_string}"},"query-input":{"@type":"PropertyValueSpecification","valueRequired":true,"valueName":"search_term_string"}}],"inLanguage":"de"}]}},"jetpack_sharing_enabled":true,"_links":{"self":[{"href":"https:\/\/shop.texma-gmbh.de\/1shop\/wp-json\/wp\/v2\/product\/8565","targetHints":{"allow":["GET"]}}],"collection":[{"href":"https:\/\/shop.texma-gmbh.de\/1shop\/wp-json\/wp\/v2\/product"}],"about":[{"href":"https:\/\/shop.texma-gmbh.de\/1shop\/wp-json\/wp\/v2\/types\/product"}],"version-history":[{"count":2,"href":"https:\/\/shop.texma-gmbh.de\/1shop\/wp-json\/wp\/v2\/product\/8565\/revisions"}],"predecessor-version":[{"id":8569,"href":"https:\/\/shop.texma-gmbh.de\/1shop\/wp-json\/wp\/v2\/product\/8565\/revisions\/8569"}],"wp:featuredmedia":[{"embeddable":true,"href":"https:\/\/shop.texma-gmbh.de\/1shop\/wp-json\/wp\/v2\/media\/8566"}],"wp:attachment":[{"href":"https:\/\/shop.texma-gmbh.de\/1shop\/wp-json\/wp\/v2\/media?parent=8565"}],"wp:term":[{"taxonomy":"product_brand","embeddable":true,"href":"https:\/\/shop.texma-gmbh.de\/1shop\/wp-json\/wp\/v2\/product_brand?post=8565"},{"taxonomy":"product_cat","embeddable":true,"href":"https:\/\/shop.texma-gmbh.de\/1shop\/wp-json\/wp\/v2\/product_cat?post=8565"},{"taxonomy":"product_tag","embeddable":true,"href":"https:\/\/shop.texma-gmbh.de\/1shop\/wp-json\/wp\/v2\/product_tag?post=8565"}],"curies":[{"name":"wp","href":"https:\/\/api.w.org\/{rel}","templated":true}]}}