{"id":8548,"date":"2023-03-06T17:08:31","date_gmt":"2023-03-06T16:08:31","guid":{"rendered":"https:\/\/shop.texma-gmbh.de\/1shop\/?post_type=product&#038;p=8548"},"modified":"2023-03-07T11:59:13","modified_gmt":"2023-03-07T10:59:13","slug":"first-seamless-bra-woman","status":"publish","type":"product","link":"https:\/\/shop.texma-gmbh.de\/1shop\/produkt\/first-seamless-bra-woman\/","title":{"rendered":"FIRST SEAMLESS BRA WOMAN"},"content":{"rendered":"<ul>\n<li>Qualit\u00e4t: 94 % Polyamid, 6 % Elasthan<\/li>\n<\/ul>\n<p>&nbsp;<\/p>\n<ul>\n<li>Nahtloses Design<\/li>\n<li>K\u00f6rperangepasste Bel\u00fcftung und Feuchtigkeitsmanagement<\/li>\n<li>Leichte, schnell trocknende Materialien<\/li>\n<li>Ergonomischer Einsatz<\/li>\n<\/ul>\n<p>&nbsp;<\/p>\n<p>&nbsp;<\/p>\n<p>&nbsp;<\/p>\n","protected":false},"excerpt":{"rendered":"<p>Qualit\u00e4t: 94 % Polyamid, 6 % Elasthan &nbsp; Nahtloses Design K\u00f6rperangepasste Bel\u00fcftung und Feuchtigkeitsmanagement Leichte, schnell trocknende Materialien Ergonomischer Einsatz\u2026<\/p>\n","protected":false},"featured_media":8553,"template":"","meta":[],"product_brand":[],"product_cat":[310],"product_tag":[],"class_list":{"0":"post-8548","1":"product","2":"type-product","3":"status-publish","4":"has-post-thumbnail","6":"product_cat-spvgg-renningen","7":"pa_masseinheiten-m-l","8":"pa_masseinheiten-xl-xxl","9":"pa_masseinheiten-xs-s","11":"first","12":"instock","13":"taxable","14":"shipping-taxable","15":"purchasable","16":"product-type-variable"},"yoast_head":"<!-- This site is optimized with the Yoast SEO plugin v27.4 - https:\/\/yoast.com\/product\/yoast-seo-wordpress\/ -->\n<title>FIRST SEAMLESS BRA WOMAN - TEXMA Textilmarketing GmbH<\/title>\n<meta name=\"robots\" content=\"noindex, follow, max-snippet:-1, max-image-preview:large, max-video-preview:-1\" \/>\n<meta property=\"og:locale\" content=\"de_DE\" \/>\n<meta property=\"og:type\" content=\"article\" \/>\n<meta property=\"og:title\" content=\"FIRST SEAMLESS BRA WOMAN - TEXMA Textilmarketing GmbH\" \/>\n<meta property=\"og:description\" content=\"Qualit\u00e4t: 94 % Polyamid, 6 % Elasthan &nbsp; Nahtloses Design K\u00f6rperangepasste Bel\u00fcftung und Feuchtigkeitsmanagement Leichte, schnell trocknende Materialien Ergonomischer Einsatz\u2026\" \/>\n<meta property=\"og:url\" content=\"https:\/\/shop.texma-gmbh.de\/1shop\/produkt\/first-seamless-bra-woman\/\" \/>\n<meta property=\"og:site_name\" content=\"TEXMA Textilmarketing GmbH\" \/>\n<meta property=\"article:modified_time\" content=\"2023-03-07T10:59:13+00:00\" \/>\n<meta property=\"og:image\" content=\"https:\/\/shop.texma-gmbh.de\/1shop\/wp-content\/uploads\/sites\/4\/2023\/03\/202647-2001.png\" \/>\n\t<meta property=\"og:image:width\" content=\"514\" \/>\n\t<meta property=\"og:image:height\" content=\"514\" \/>\n\t<meta property=\"og:image:type\" content=\"image\/png\" \/>\n<meta name=\"twitter:card\" content=\"summary_large_image\" \/>\n<meta name=\"twitter:label1\" content=\"Gesch\u00e4tzte Lesezeit\" \/>\n\t<meta name=\"twitter:data1\" content=\"1\u00a0Minute\" \/>\n<script type=\"application\/ld+json\" class=\"yoast-schema-graph\">{\"@context\":\"https:\\\/\\\/schema.org\",\"@graph\":[{\"@type\":\"WebPage\",\"@id\":\"https:\\\/\\\/shop.texma-gmbh.de\\\/1shop\\\/produkt\\\/first-seamless-bra-woman\\\/\",\"url\":\"https:\\\/\\\/shop.texma-gmbh.de\\\/1shop\\\/produkt\\\/first-seamless-bra-woman\\\/\",\"name\":\"FIRST SEAMLESS BRA WOMAN - TEXMA Textilmarketing GmbH\",\"isPartOf\":{\"@id\":\"https:\\\/\\\/shop.texma-gmbh.de\\\/1shop\\\/#website\"},\"primaryImageOfPage\":{\"@id\":\"https:\\\/\\\/shop.texma-gmbh.de\\\/1shop\\\/produkt\\\/first-seamless-bra-woman\\\/#primaryimage\"},\"image\":{\"@id\":\"https:\\\/\\\/shop.texma-gmbh.de\\\/1shop\\\/produkt\\\/first-seamless-bra-woman\\\/#primaryimage\"},\"thumbnailUrl\":\"https:\\\/\\\/shop.texma-gmbh.de\\\/1shop\\\/wp-content\\\/uploads\\\/sites\\\/4\\\/2023\\\/03\\\/202647-2001.png\",\"datePublished\":\"2023-03-06T16:08:31+00:00\",\"dateModified\":\"2023-03-07T10:59:13+00:00\",\"breadcrumb\":{\"@id\":\"https:\\\/\\\/shop.texma-gmbh.de\\\/1shop\\\/produkt\\\/first-seamless-bra-woman\\\/#breadcrumb\"},\"inLanguage\":\"de\",\"potentialAction\":[{\"@type\":\"ReadAction\",\"target\":[\"https:\\\/\\\/shop.texma-gmbh.de\\\/1shop\\\/produkt\\\/first-seamless-bra-woman\\\/\"]}]},{\"@type\":\"ImageObject\",\"inLanguage\":\"de\",\"@id\":\"https:\\\/\\\/shop.texma-gmbh.de\\\/1shop\\\/produkt\\\/first-seamless-bra-woman\\\/#primaryimage\",\"url\":\"https:\\\/\\\/shop.texma-gmbh.de\\\/1shop\\\/wp-content\\\/uploads\\\/sites\\\/4\\\/2023\\\/03\\\/202647-2001.png\",\"contentUrl\":\"https:\\\/\\\/shop.texma-gmbh.de\\\/1shop\\\/wp-content\\\/uploads\\\/sites\\\/4\\\/2023\\\/03\\\/202647-2001.png\",\"width\":514,\"height\":514},{\"@type\":\"BreadcrumbList\",\"@id\":\"https:\\\/\\\/shop.texma-gmbh.de\\\/1shop\\\/produkt\\\/first-seamless-bra-woman\\\/#breadcrumb\",\"itemListElement\":[{\"@type\":\"ListItem\",\"position\":1,\"name\":\"Startseite\",\"item\":\"https:\\\/\\\/shop.texma-gmbh.de\\\/1shop\\\/\"},{\"@type\":\"ListItem\",\"position\":2,\"name\":\"Shop\",\"item\":\"https:\\\/\\\/shop.texma-gmbh.de\\\/1shop\\\/shop\\\/\"},{\"@type\":\"ListItem\",\"position\":3,\"name\":\"FIRST SEAMLESS BRA WOMAN\"}]},{\"@type\":\"WebSite\",\"@id\":\"https:\\\/\\\/shop.texma-gmbh.de\\\/1shop\\\/#website\",\"url\":\"https:\\\/\\\/shop.texma-gmbh.de\\\/1shop\\\/\",\"name\":\"TEXMA Textilmarketing GmbH\",\"description\":\"\",\"potentialAction\":[{\"@type\":\"SearchAction\",\"target\":{\"@type\":\"EntryPoint\",\"urlTemplate\":\"https:\\\/\\\/shop.texma-gmbh.de\\\/1shop\\\/?s={search_term_string}\"},\"query-input\":{\"@type\":\"PropertyValueSpecification\",\"valueRequired\":true,\"valueName\":\"search_term_string\"}}],\"inLanguage\":\"de\"}]}<\/script>\n<!-- \/ Yoast SEO plugin. -->","yoast_head_json":{"title":"FIRST SEAMLESS BRA WOMAN - TEXMA Textilmarketing GmbH","robots":{"index":"noindex","follow":"follow","max-snippet":"max-snippet:-1","max-image-preview":"max-image-preview:large","max-video-preview":"max-video-preview:-1"},"og_locale":"de_DE","og_type":"article","og_title":"FIRST SEAMLESS BRA WOMAN - TEXMA Textilmarketing GmbH","og_description":"Qualit\u00e4t: 94 % Polyamid, 6 % Elasthan &nbsp; Nahtloses Design K\u00f6rperangepasste Bel\u00fcftung und Feuchtigkeitsmanagement Leichte, schnell trocknende Materialien Ergonomischer Einsatz\u2026","og_url":"https:\/\/shop.texma-gmbh.de\/1shop\/produkt\/first-seamless-bra-woman\/","og_site_name":"TEXMA Textilmarketing GmbH","article_modified_time":"2023-03-07T10:59:13+00:00","og_image":[{"width":514,"height":514,"url":"https:\/\/shop.texma-gmbh.de\/1shop\/wp-content\/uploads\/sites\/4\/2023\/03\/202647-2001.png","type":"image\/png"}],"twitter_card":"summary_large_image","twitter_misc":{"Gesch\u00e4tzte Lesezeit":"1\u00a0Minute"},"schema":{"@context":"https:\/\/schema.org","@graph":[{"@type":"WebPage","@id":"https:\/\/shop.texma-gmbh.de\/1shop\/produkt\/first-seamless-bra-woman\/","url":"https:\/\/shop.texma-gmbh.de\/1shop\/produkt\/first-seamless-bra-woman\/","name":"FIRST SEAMLESS BRA WOMAN - TEXMA Textilmarketing GmbH","isPartOf":{"@id":"https:\/\/shop.texma-gmbh.de\/1shop\/#website"},"primaryImageOfPage":{"@id":"https:\/\/shop.texma-gmbh.de\/1shop\/produkt\/first-seamless-bra-woman\/#primaryimage"},"image":{"@id":"https:\/\/shop.texma-gmbh.de\/1shop\/produkt\/first-seamless-bra-woman\/#primaryimage"},"thumbnailUrl":"https:\/\/shop.texma-gmbh.de\/1shop\/wp-content\/uploads\/sites\/4\/2023\/03\/202647-2001.png","datePublished":"2023-03-06T16:08:31+00:00","dateModified":"2023-03-07T10:59:13+00:00","breadcrumb":{"@id":"https:\/\/shop.texma-gmbh.de\/1shop\/produkt\/first-seamless-bra-woman\/#breadcrumb"},"inLanguage":"de","potentialAction":[{"@type":"ReadAction","target":["https:\/\/shop.texma-gmbh.de\/1shop\/produkt\/first-seamless-bra-woman\/"]}]},{"@type":"ImageObject","inLanguage":"de","@id":"https:\/\/shop.texma-gmbh.de\/1shop\/produkt\/first-seamless-bra-woman\/#primaryimage","url":"https:\/\/shop.texma-gmbh.de\/1shop\/wp-content\/uploads\/sites\/4\/2023\/03\/202647-2001.png","contentUrl":"https:\/\/shop.texma-gmbh.de\/1shop\/wp-content\/uploads\/sites\/4\/2023\/03\/202647-2001.png","width":514,"height":514},{"@type":"BreadcrumbList","@id":"https:\/\/shop.texma-gmbh.de\/1shop\/produkt\/first-seamless-bra-woman\/#breadcrumb","itemListElement":[{"@type":"ListItem","position":1,"name":"Startseite","item":"https:\/\/shop.texma-gmbh.de\/1shop\/"},{"@type":"ListItem","position":2,"name":"Shop","item":"https:\/\/shop.texma-gmbh.de\/1shop\/shop\/"},{"@type":"ListItem","position":3,"name":"FIRST SEAMLESS BRA WOMAN"}]},{"@type":"WebSite","@id":"https:\/\/shop.texma-gmbh.de\/1shop\/#website","url":"https:\/\/shop.texma-gmbh.de\/1shop\/","name":"TEXMA Textilmarketing GmbH","description":"","potentialAction":[{"@type":"SearchAction","target":{"@type":"EntryPoint","urlTemplate":"https:\/\/shop.texma-gmbh.de\/1shop\/?s={search_term_string}"},"query-input":{"@type":"PropertyValueSpecification","valueRequired":true,"valueName":"search_term_string"}}],"inLanguage":"de"}]}},"jetpack_sharing_enabled":true,"_links":{"self":[{"href":"https:\/\/shop.texma-gmbh.de\/1shop\/wp-json\/wp\/v2\/product\/8548","targetHints":{"allow":["GET"]}}],"collection":[{"href":"https:\/\/shop.texma-gmbh.de\/1shop\/wp-json\/wp\/v2\/product"}],"about":[{"href":"https:\/\/shop.texma-gmbh.de\/1shop\/wp-json\/wp\/v2\/types\/product"}],"version-history":[{"count":3,"href":"https:\/\/shop.texma-gmbh.de\/1shop\/wp-json\/wp\/v2\/product\/8548\/revisions"}],"predecessor-version":[{"id":8556,"href":"https:\/\/shop.texma-gmbh.de\/1shop\/wp-json\/wp\/v2\/product\/8548\/revisions\/8556"}],"wp:featuredmedia":[{"embeddable":true,"href":"https:\/\/shop.texma-gmbh.de\/1shop\/wp-json\/wp\/v2\/media\/8553"}],"wp:attachment":[{"href":"https:\/\/shop.texma-gmbh.de\/1shop\/wp-json\/wp\/v2\/media?parent=8548"}],"wp:term":[{"taxonomy":"product_brand","embeddable":true,"href":"https:\/\/shop.texma-gmbh.de\/1shop\/wp-json\/wp\/v2\/product_brand?post=8548"},{"taxonomy":"product_cat","embeddable":true,"href":"https:\/\/shop.texma-gmbh.de\/1shop\/wp-json\/wp\/v2\/product_cat?post=8548"},{"taxonomy":"product_tag","embeddable":true,"href":"https:\/\/shop.texma-gmbh.de\/1shop\/wp-json\/wp\/v2\/product_tag?post=8548"}],"curies":[{"name":"wp","href":"https:\/\/api.w.org\/{rel}","templated":true}]}}