{"id":27780,"date":"2025-11-21T13:59:58","date_gmt":"2025-11-21T12:59:58","guid":{"rendered":"https:\/\/shop.texma-gmbh.de\/1shop\/?post_type=product&#038;p=27780"},"modified":"2026-03-06T14:19:53","modified_gmt":"2026-03-06T13:19:53","slug":"hmlstar-pro-hb","status":"publish","type":"product","link":"https:\/\/shop.texma-gmbh.de\/1shop\/produkt\/hmlstar-pro-hb\/","title":{"rendered":"hmlSTAR PRO HB"},"content":{"rendered":"<div class=\"panel-body no-transition\">\n<div class=\"tab-content-wrapper\">\n<div class=\"desc\">\n<div class=\"panel-body no-transition\">\n<div class=\"tab-content-wrapper\">\n<div class=\"desc\">\n<p>Der hmlSTAR Pro Handball verf\u00fcgt \u00fcber eine strukturierte Oberfl\u00e4che f\u00fcr maximale Kontrolle und Flugbahn. Pr\u00e4zise Handn\u00e4hte sorgen f\u00fcr Langlebigkeit, w\u00e4hrend die gewickelte Blase ein \u00dcberpumpen verhindert und zus\u00e4tzlichen Aufprall bietet. Die leistungsstarke PU-H\u00fclle ist f\u00fcr den Einsatz von Harz geeignet.<\/p>\n<p><strong>Produktdetails:<\/strong><\/p>\n<ul>\n<li>Strukturiertes Obermaterial f\u00fcr Kontrolle<\/li>\n<li>Pr\u00e4zise Handnaht<\/li>\n<li>Geeignet f\u00fcr Harz<\/li>\n<li>Gewickelte Blase f\u00fcr zus\u00e4tzlichen Sprung<\/li>\n<li>Hochleistungs-PU-Schale<\/li>\n<\/ul>\n<\/div>\n<\/div>\n<\/div>\n<\/div>\n<\/div>\n<\/div>\n","protected":false},"excerpt":{"rendered":"<p>Der hmlEVOLUTION PRO AR HB Handball verf\u00fcgt \u00fcber pr\u00e4zise Handn\u00e4hte f\u00fcr erh\u00f6hte Haltbarkeit und Widerstandsf\u00e4higkeit. Dieser Unisex-Ball ist nicht f\u00fcr Harz geeignet.<\/p>\n","protected":false},"featured_media":27792,"template":"","meta":[],"product_brand":[],"product_cat":[160,195,20,310],"product_tag":[],"class_list":{"0":"post-27780","1":"product","2":"type-product","3":"status-publish","4":"has-post-thumbnail","6":"product_cat-baelle","7":"product_cat-sgnebreu","8":"product_cat-sgh2ku","9":"product_cat-spvgg-renningen","11":"first","12":"instock","13":"sale","14":"taxable","15":"shipping-taxable","16":"purchasable","17":"product-type-variable"},"yoast_head":"<!-- This site is optimized with the Yoast SEO plugin v27.4 - https:\/\/yoast.com\/product\/yoast-seo-wordpress\/ -->\n<title>hmlSTAR PRO HB - TEXMA Textilmarketing GmbH<\/title>\n<meta name=\"robots\" content=\"noindex, follow, max-snippet:-1, max-image-preview:large, max-video-preview:-1\" \/>\n<meta property=\"og:locale\" content=\"de_DE\" \/>\n<meta property=\"og:type\" content=\"article\" \/>\n<meta property=\"og:title\" content=\"hmlSTAR PRO HB - TEXMA Textilmarketing GmbH\" \/>\n<meta property=\"og:description\" content=\"Der hmlEVOLUTION PRO AR HB Handball verf\u00fcgt \u00fcber pr\u00e4zise Handn\u00e4hte f\u00fcr erh\u00f6hte Haltbarkeit und Widerstandsf\u00e4higkeit. Dieser Unisex-Ball ist nicht f\u00fcr Harz geeignet.\" \/>\n<meta property=\"og:url\" content=\"https:\/\/shop.texma-gmbh.de\/1shop\/produkt\/hmlstar-pro-hb\/\" \/>\n<meta property=\"og:site_name\" content=\"TEXMA Textilmarketing GmbH\" \/>\n<meta property=\"article:modified_time\" content=\"2026-03-06T13:19:53+00:00\" \/>\n<meta property=\"og:image\" content=\"https:\/\/shop.texma-gmbh.de\/1shop\/wp-content\/uploads\/sites\/4\/2025\/11\/229172-9438.png\" \/>\n\t<meta property=\"og:image:width\" content=\"1125\" \/>\n\t<meta property=\"og:image:height\" content=\"1500\" \/>\n\t<meta property=\"og:image:type\" content=\"image\/png\" \/>\n<meta name=\"twitter:card\" content=\"summary_large_image\" \/>\n<meta name=\"twitter:label1\" content=\"Gesch\u00e4tzte Lesezeit\" \/>\n\t<meta name=\"twitter:data1\" content=\"1\u00a0Minute\" \/>\n<script type=\"application\/ld+json\" class=\"yoast-schema-graph\">{\"@context\":\"https:\\\/\\\/schema.org\",\"@graph\":[{\"@type\":\"WebPage\",\"@id\":\"https:\\\/\\\/shop.texma-gmbh.de\\\/1shop\\\/produkt\\\/hmlstar-pro-hb\\\/\",\"url\":\"https:\\\/\\\/shop.texma-gmbh.de\\\/1shop\\\/produkt\\\/hmlstar-pro-hb\\\/\",\"name\":\"hmlSTAR PRO HB - TEXMA Textilmarketing GmbH\",\"isPartOf\":{\"@id\":\"https:\\\/\\\/shop.texma-gmbh.de\\\/1shop\\\/#website\"},\"primaryImageOfPage\":{\"@id\":\"https:\\\/\\\/shop.texma-gmbh.de\\\/1shop\\\/produkt\\\/hmlstar-pro-hb\\\/#primaryimage\"},\"image\":{\"@id\":\"https:\\\/\\\/shop.texma-gmbh.de\\\/1shop\\\/produkt\\\/hmlstar-pro-hb\\\/#primaryimage\"},\"thumbnailUrl\":\"https:\\\/\\\/shop.texma-gmbh.de\\\/1shop\\\/wp-content\\\/uploads\\\/sites\\\/4\\\/2025\\\/11\\\/229172-9438.png\",\"datePublished\":\"2025-11-21T12:59:58+00:00\",\"dateModified\":\"2026-03-06T13:19:53+00:00\",\"breadcrumb\":{\"@id\":\"https:\\\/\\\/shop.texma-gmbh.de\\\/1shop\\\/produkt\\\/hmlstar-pro-hb\\\/#breadcrumb\"},\"inLanguage\":\"de\",\"potentialAction\":[{\"@type\":\"ReadAction\",\"target\":[\"https:\\\/\\\/shop.texma-gmbh.de\\\/1shop\\\/produkt\\\/hmlstar-pro-hb\\\/\"]}]},{\"@type\":\"ImageObject\",\"inLanguage\":\"de\",\"@id\":\"https:\\\/\\\/shop.texma-gmbh.de\\\/1shop\\\/produkt\\\/hmlstar-pro-hb\\\/#primaryimage\",\"url\":\"https:\\\/\\\/shop.texma-gmbh.de\\\/1shop\\\/wp-content\\\/uploads\\\/sites\\\/4\\\/2025\\\/11\\\/229172-9438.png\",\"contentUrl\":\"https:\\\/\\\/shop.texma-gmbh.de\\\/1shop\\\/wp-content\\\/uploads\\\/sites\\\/4\\\/2025\\\/11\\\/229172-9438.png\",\"width\":1125,\"height\":1500},{\"@type\":\"BreadcrumbList\",\"@id\":\"https:\\\/\\\/shop.texma-gmbh.de\\\/1shop\\\/produkt\\\/hmlstar-pro-hb\\\/#breadcrumb\",\"itemListElement\":[{\"@type\":\"ListItem\",\"position\":1,\"name\":\"Startseite\",\"item\":\"https:\\\/\\\/shop.texma-gmbh.de\\\/1shop\\\/\"},{\"@type\":\"ListItem\",\"position\":2,\"name\":\"Shop\",\"item\":\"https:\\\/\\\/shop.texma-gmbh.de\\\/1shop\\\/shop\\\/\"},{\"@type\":\"ListItem\",\"position\":3,\"name\":\"hmlSTAR PRO HB\"}]},{\"@type\":\"WebSite\",\"@id\":\"https:\\\/\\\/shop.texma-gmbh.de\\\/1shop\\\/#website\",\"url\":\"https:\\\/\\\/shop.texma-gmbh.de\\\/1shop\\\/\",\"name\":\"TEXMA Textilmarketing GmbH\",\"description\":\"\",\"potentialAction\":[{\"@type\":\"SearchAction\",\"target\":{\"@type\":\"EntryPoint\",\"urlTemplate\":\"https:\\\/\\\/shop.texma-gmbh.de\\\/1shop\\\/?s={search_term_string}\"},\"query-input\":{\"@type\":\"PropertyValueSpecification\",\"valueRequired\":true,\"valueName\":\"search_term_string\"}}],\"inLanguage\":\"de\"}]}<\/script>\n<!-- \/ Yoast SEO plugin. -->","yoast_head_json":{"title":"hmlSTAR PRO HB - TEXMA Textilmarketing GmbH","robots":{"index":"noindex","follow":"follow","max-snippet":"max-snippet:-1","max-image-preview":"max-image-preview:large","max-video-preview":"max-video-preview:-1"},"og_locale":"de_DE","og_type":"article","og_title":"hmlSTAR PRO HB - TEXMA Textilmarketing GmbH","og_description":"Der hmlEVOLUTION PRO AR HB Handball verf\u00fcgt \u00fcber pr\u00e4zise Handn\u00e4hte f\u00fcr erh\u00f6hte Haltbarkeit und Widerstandsf\u00e4higkeit. Dieser Unisex-Ball ist nicht f\u00fcr Harz geeignet.","og_url":"https:\/\/shop.texma-gmbh.de\/1shop\/produkt\/hmlstar-pro-hb\/","og_site_name":"TEXMA Textilmarketing GmbH","article_modified_time":"2026-03-06T13:19:53+00:00","og_image":[{"width":1125,"height":1500,"url":"https:\/\/shop.texma-gmbh.de\/1shop\/wp-content\/uploads\/sites\/4\/2025\/11\/229172-9438.png","type":"image\/png"}],"twitter_card":"summary_large_image","twitter_misc":{"Gesch\u00e4tzte Lesezeit":"1\u00a0Minute"},"schema":{"@context":"https:\/\/schema.org","@graph":[{"@type":"WebPage","@id":"https:\/\/shop.texma-gmbh.de\/1shop\/produkt\/hmlstar-pro-hb\/","url":"https:\/\/shop.texma-gmbh.de\/1shop\/produkt\/hmlstar-pro-hb\/","name":"hmlSTAR PRO HB - TEXMA Textilmarketing GmbH","isPartOf":{"@id":"https:\/\/shop.texma-gmbh.de\/1shop\/#website"},"primaryImageOfPage":{"@id":"https:\/\/shop.texma-gmbh.de\/1shop\/produkt\/hmlstar-pro-hb\/#primaryimage"},"image":{"@id":"https:\/\/shop.texma-gmbh.de\/1shop\/produkt\/hmlstar-pro-hb\/#primaryimage"},"thumbnailUrl":"https:\/\/shop.texma-gmbh.de\/1shop\/wp-content\/uploads\/sites\/4\/2025\/11\/229172-9438.png","datePublished":"2025-11-21T12:59:58+00:00","dateModified":"2026-03-06T13:19:53+00:00","breadcrumb":{"@id":"https:\/\/shop.texma-gmbh.de\/1shop\/produkt\/hmlstar-pro-hb\/#breadcrumb"},"inLanguage":"de","potentialAction":[{"@type":"ReadAction","target":["https:\/\/shop.texma-gmbh.de\/1shop\/produkt\/hmlstar-pro-hb\/"]}]},{"@type":"ImageObject","inLanguage":"de","@id":"https:\/\/shop.texma-gmbh.de\/1shop\/produkt\/hmlstar-pro-hb\/#primaryimage","url":"https:\/\/shop.texma-gmbh.de\/1shop\/wp-content\/uploads\/sites\/4\/2025\/11\/229172-9438.png","contentUrl":"https:\/\/shop.texma-gmbh.de\/1shop\/wp-content\/uploads\/sites\/4\/2025\/11\/229172-9438.png","width":1125,"height":1500},{"@type":"BreadcrumbList","@id":"https:\/\/shop.texma-gmbh.de\/1shop\/produkt\/hmlstar-pro-hb\/#breadcrumb","itemListElement":[{"@type":"ListItem","position":1,"name":"Startseite","item":"https:\/\/shop.texma-gmbh.de\/1shop\/"},{"@type":"ListItem","position":2,"name":"Shop","item":"https:\/\/shop.texma-gmbh.de\/1shop\/shop\/"},{"@type":"ListItem","position":3,"name":"hmlSTAR PRO HB"}]},{"@type":"WebSite","@id":"https:\/\/shop.texma-gmbh.de\/1shop\/#website","url":"https:\/\/shop.texma-gmbh.de\/1shop\/","name":"TEXMA Textilmarketing GmbH","description":"","potentialAction":[{"@type":"SearchAction","target":{"@type":"EntryPoint","urlTemplate":"https:\/\/shop.texma-gmbh.de\/1shop\/?s={search_term_string}"},"query-input":{"@type":"PropertyValueSpecification","valueRequired":true,"valueName":"search_term_string"}}],"inLanguage":"de"}]}},"jetpack_sharing_enabled":true,"_links":{"self":[{"href":"https:\/\/shop.texma-gmbh.de\/1shop\/wp-json\/wp\/v2\/product\/27780","targetHints":{"allow":["GET"]}}],"collection":[{"href":"https:\/\/shop.texma-gmbh.de\/1shop\/wp-json\/wp\/v2\/product"}],"about":[{"href":"https:\/\/shop.texma-gmbh.de\/1shop\/wp-json\/wp\/v2\/types\/product"}],"version-history":[{"count":3,"href":"https:\/\/shop.texma-gmbh.de\/1shop\/wp-json\/wp\/v2\/product\/27780\/revisions"}],"predecessor-version":[{"id":27793,"href":"https:\/\/shop.texma-gmbh.de\/1shop\/wp-json\/wp\/v2\/product\/27780\/revisions\/27793"}],"wp:featuredmedia":[{"embeddable":true,"href":"https:\/\/shop.texma-gmbh.de\/1shop\/wp-json\/wp\/v2\/media\/27792"}],"wp:attachment":[{"href":"https:\/\/shop.texma-gmbh.de\/1shop\/wp-json\/wp\/v2\/media?parent=27780"}],"wp:term":[{"taxonomy":"product_brand","embeddable":true,"href":"https:\/\/shop.texma-gmbh.de\/1shop\/wp-json\/wp\/v2\/product_brand?post=27780"},{"taxonomy":"product_cat","embeddable":true,"href":"https:\/\/shop.texma-gmbh.de\/1shop\/wp-json\/wp\/v2\/product_cat?post=27780"},{"taxonomy":"product_tag","embeddable":true,"href":"https:\/\/shop.texma-gmbh.de\/1shop\/wp-json\/wp\/v2\/product_tag?post=27780"}],"curies":[{"name":"wp","href":"https:\/\/api.w.org\/{rel}","templated":true}]}}