{"id":27753,"date":"2025-11-18T15:54:46","date_gmt":"2025-11-18T14:54:46","guid":{"rendered":"https:\/\/shop.texma-gmbh.de\/1shop\/?post_type=product&#038;p=27753"},"modified":"2026-03-30T08:55:38","modified_gmt":"2026-03-30T06:55:38","slug":"hmlevolution-energizer-ar-hb","status":"publish","type":"product","link":"https:\/\/shop.texma-gmbh.de\/1shop\/produkt\/hmlevolution-energizer-ar-hb\/","title":{"rendered":"hmlEVOLUTION ENERGIZER AR HB"},"content":{"rendered":"<div class=\"panel-body no-transition\">\n<div class=\"tab-content-wrapper\">\n<div class=\"desc\">\n<p>Der hummel hmlEVOLUTION Energizer AR Handball ist die ideale Wahl f\u00fcr das Training in harzfreien Hallen. Er wurde speziell f\u00fcr maximale Kontrolle und ein dynamisches Spielgef\u00fchl entwickelt \u2013 auch ohne zus\u00e4tzliche Haftmittel. Seine griffige Oberfl\u00e4che, hochwertige Verarbeitung und innovative Technologie machen ihn zum verl\u00e4sslichen Begleiter auf jedem Hallenboden.<\/p>\n<p><strong>Produktdetails<\/strong>:<\/p>\n<ul>\n<li>Optimale Griffigkeit auch ohne Harz dank spezieller Oberfl\u00e4chenstruktur<\/li>\n<li>Innovative AR-Technologie f\u00fcr ein verbessertes R\u00fccksprungverhalten und stabile Flugbahn<\/li>\n<li>Weiche Schaumpolsterung f\u00fcr ein angenehmes Ballgef\u00fchl und mehr Kontrolle<\/li>\n<li>Maschinengen\u00e4hte Verarbeitung f\u00fcr hohe Langlebigkeit und Formstabilit\u00e4t<\/li>\n<\/ul>\n<\/div>\n<\/div>\n<\/div>\n","protected":false},"excerpt":{"rendered":"<p>Der hummel hmlEVOLUTION Energizer AR Handball ist die <strong>ideale Wahl f\u00fcr das Training in harzfreien Hallen<\/strong>. Er wurde speziell f\u00fcr maximale Kontrolle und ein dynamisches Spielgef\u00fchl entwickelt \u2013 auch <strong>ohne zus\u00e4tzliche Haftmittel.<\/strong><br \/>\nSeine griffige Oberfl\u00e4che, hochwertige Verarbeitung und innovative Technologie machen ihn zum verl\u00e4sslichen Begleiter auf jedem Hallenboden.<\/p>\n<ul>\n<li><strong><span class=\"list-item__value\">Verringerte Gr\u00f6\u00dfe und Gewicht f\u00fcr bessere Handhabung, entsprechend der IHF Vorgaben f\u00fcr harzfreie B\u00e4lle<\/span><\/strong><\/li>\n<\/ul>\n<p>&nbsp;<\/p>\n","protected":false},"featured_media":27757,"template":"","meta":[],"product_brand":[],"product_cat":[160,195,20],"product_tag":[],"class_list":{"0":"post-27753","1":"product","2":"type-product","3":"status-publish","4":"has-post-thumbnail","6":"product_cat-baelle","7":"product_cat-sgnebreu","8":"product_cat-sgh2ku","10":"first","11":"instock","12":"sale","13":"taxable","14":"shipping-taxable","15":"purchasable","16":"product-type-variable"},"yoast_head":"<!-- This site is optimized with the Yoast SEO plugin v27.4 - https:\/\/yoast.com\/product\/yoast-seo-wordpress\/ -->\n<title>hmlEVOLUTION ENERGIZER AR HB - TEXMA Textilmarketing GmbH<\/title>\n<meta name=\"robots\" content=\"noindex, follow, max-snippet:-1, max-image-preview:large, max-video-preview:-1\" \/>\n<meta property=\"og:locale\" content=\"de_DE\" \/>\n<meta property=\"og:type\" content=\"article\" \/>\n<meta property=\"og:title\" content=\"hmlEVOLUTION ENERGIZER AR HB - TEXMA Textilmarketing GmbH\" \/>\n<meta property=\"og:description\" content=\"Der hummel hmlEVOLUTION Energizer AR Handball ist die ideale Wahl f\u00fcr das Training in harzfreien Hallen. Er wurde speziell f\u00fcr maximale Kontrolle und ein dynamisches Spielgef\u00fchl entwickelt \u2013 auch ohne zus\u00e4tzliche Haftmittel. Seine griffige Oberfl\u00e4che, hochwertige Verarbeitung und innovative Technologie machen ihn zum verl\u00e4sslichen Begleiter auf jedem Hallenboden.   Verringerte Gr\u00f6\u00dfe und Gewicht f\u00fcr bessere Handhabung, entsprechend der IHF Vorgaben f\u00fcr harzfreie B\u00e4lle  &nbsp;\" \/>\n<meta property=\"og:url\" content=\"https:\/\/shop.texma-gmbh.de\/1shop\/produkt\/hmlevolution-energizer-ar-hb\/\" \/>\n<meta property=\"og:site_name\" content=\"TEXMA Textilmarketing GmbH\" \/>\n<meta property=\"article:modified_time\" content=\"2026-03-30T06:55:38+00:00\" \/>\n<meta property=\"og:image\" content=\"https:\/\/shop.texma-gmbh.de\/1shop\/wp-content\/uploads\/sites\/4\/2025\/11\/231525-7637.png\" \/>\n\t<meta property=\"og:image:width\" content=\"1125\" \/>\n\t<meta property=\"og:image:height\" content=\"1500\" \/>\n\t<meta property=\"og:image:type\" content=\"image\/png\" \/>\n<meta name=\"twitter:card\" content=\"summary_large_image\" \/>\n<meta name=\"twitter:label1\" content=\"Gesch\u00e4tzte Lesezeit\" \/>\n\t<meta name=\"twitter:data1\" content=\"1\u00a0Minute\" \/>\n<script type=\"application\/ld+json\" class=\"yoast-schema-graph\">{\"@context\":\"https:\\\/\\\/schema.org\",\"@graph\":[{\"@type\":\"WebPage\",\"@id\":\"https:\\\/\\\/shop.texma-gmbh.de\\\/1shop\\\/produkt\\\/hmlevolution-energizer-ar-hb\\\/\",\"url\":\"https:\\\/\\\/shop.texma-gmbh.de\\\/1shop\\\/produkt\\\/hmlevolution-energizer-ar-hb\\\/\",\"name\":\"hmlEVOLUTION ENERGIZER AR HB - TEXMA Textilmarketing GmbH\",\"isPartOf\":{\"@id\":\"https:\\\/\\\/shop.texma-gmbh.de\\\/1shop\\\/#website\"},\"primaryImageOfPage\":{\"@id\":\"https:\\\/\\\/shop.texma-gmbh.de\\\/1shop\\\/produkt\\\/hmlevolution-energizer-ar-hb\\\/#primaryimage\"},\"image\":{\"@id\":\"https:\\\/\\\/shop.texma-gmbh.de\\\/1shop\\\/produkt\\\/hmlevolution-energizer-ar-hb\\\/#primaryimage\"},\"thumbnailUrl\":\"https:\\\/\\\/shop.texma-gmbh.de\\\/1shop\\\/wp-content\\\/uploads\\\/sites\\\/4\\\/2025\\\/11\\\/231525-7637.png\",\"datePublished\":\"2025-11-18T14:54:46+00:00\",\"dateModified\":\"2026-03-30T06:55:38+00:00\",\"breadcrumb\":{\"@id\":\"https:\\\/\\\/shop.texma-gmbh.de\\\/1shop\\\/produkt\\\/hmlevolution-energizer-ar-hb\\\/#breadcrumb\"},\"inLanguage\":\"de\",\"potentialAction\":[{\"@type\":\"ReadAction\",\"target\":[\"https:\\\/\\\/shop.texma-gmbh.de\\\/1shop\\\/produkt\\\/hmlevolution-energizer-ar-hb\\\/\"]}]},{\"@type\":\"ImageObject\",\"inLanguage\":\"de\",\"@id\":\"https:\\\/\\\/shop.texma-gmbh.de\\\/1shop\\\/produkt\\\/hmlevolution-energizer-ar-hb\\\/#primaryimage\",\"url\":\"https:\\\/\\\/shop.texma-gmbh.de\\\/1shop\\\/wp-content\\\/uploads\\\/sites\\\/4\\\/2025\\\/11\\\/231525-7637.png\",\"contentUrl\":\"https:\\\/\\\/shop.texma-gmbh.de\\\/1shop\\\/wp-content\\\/uploads\\\/sites\\\/4\\\/2025\\\/11\\\/231525-7637.png\",\"width\":1125,\"height\":1500},{\"@type\":\"BreadcrumbList\",\"@id\":\"https:\\\/\\\/shop.texma-gmbh.de\\\/1shop\\\/produkt\\\/hmlevolution-energizer-ar-hb\\\/#breadcrumb\",\"itemListElement\":[{\"@type\":\"ListItem\",\"position\":1,\"name\":\"Startseite\",\"item\":\"https:\\\/\\\/shop.texma-gmbh.de\\\/1shop\\\/\"},{\"@type\":\"ListItem\",\"position\":2,\"name\":\"Shop\",\"item\":\"https:\\\/\\\/shop.texma-gmbh.de\\\/1shop\\\/shop\\\/\"},{\"@type\":\"ListItem\",\"position\":3,\"name\":\"hmlEVOLUTION ENERGIZER AR HB\"}]},{\"@type\":\"WebSite\",\"@id\":\"https:\\\/\\\/shop.texma-gmbh.de\\\/1shop\\\/#website\",\"url\":\"https:\\\/\\\/shop.texma-gmbh.de\\\/1shop\\\/\",\"name\":\"TEXMA Textilmarketing GmbH\",\"description\":\"\",\"potentialAction\":[{\"@type\":\"SearchAction\",\"target\":{\"@type\":\"EntryPoint\",\"urlTemplate\":\"https:\\\/\\\/shop.texma-gmbh.de\\\/1shop\\\/?s={search_term_string}\"},\"query-input\":{\"@type\":\"PropertyValueSpecification\",\"valueRequired\":true,\"valueName\":\"search_term_string\"}}],\"inLanguage\":\"de\"}]}<\/script>\n<!-- \/ Yoast SEO plugin. -->","yoast_head_json":{"title":"hmlEVOLUTION ENERGIZER AR HB - TEXMA Textilmarketing GmbH","robots":{"index":"noindex","follow":"follow","max-snippet":"max-snippet:-1","max-image-preview":"max-image-preview:large","max-video-preview":"max-video-preview:-1"},"og_locale":"de_DE","og_type":"article","og_title":"hmlEVOLUTION ENERGIZER AR HB - TEXMA Textilmarketing GmbH","og_description":"Der hummel hmlEVOLUTION Energizer AR Handball ist die ideale Wahl f\u00fcr das Training in harzfreien Hallen. Er wurde speziell f\u00fcr maximale Kontrolle und ein dynamisches Spielgef\u00fchl entwickelt \u2013 auch ohne zus\u00e4tzliche Haftmittel. Seine griffige Oberfl\u00e4che, hochwertige Verarbeitung und innovative Technologie machen ihn zum verl\u00e4sslichen Begleiter auf jedem Hallenboden.   Verringerte Gr\u00f6\u00dfe und Gewicht f\u00fcr bessere Handhabung, entsprechend der IHF Vorgaben f\u00fcr harzfreie B\u00e4lle  &nbsp;","og_url":"https:\/\/shop.texma-gmbh.de\/1shop\/produkt\/hmlevolution-energizer-ar-hb\/","og_site_name":"TEXMA Textilmarketing GmbH","article_modified_time":"2026-03-30T06:55:38+00:00","og_image":[{"width":1125,"height":1500,"url":"https:\/\/shop.texma-gmbh.de\/1shop\/wp-content\/uploads\/sites\/4\/2025\/11\/231525-7637.png","type":"image\/png"}],"twitter_card":"summary_large_image","twitter_misc":{"Gesch\u00e4tzte Lesezeit":"1\u00a0Minute"},"schema":{"@context":"https:\/\/schema.org","@graph":[{"@type":"WebPage","@id":"https:\/\/shop.texma-gmbh.de\/1shop\/produkt\/hmlevolution-energizer-ar-hb\/","url":"https:\/\/shop.texma-gmbh.de\/1shop\/produkt\/hmlevolution-energizer-ar-hb\/","name":"hmlEVOLUTION ENERGIZER AR HB - TEXMA Textilmarketing GmbH","isPartOf":{"@id":"https:\/\/shop.texma-gmbh.de\/1shop\/#website"},"primaryImageOfPage":{"@id":"https:\/\/shop.texma-gmbh.de\/1shop\/produkt\/hmlevolution-energizer-ar-hb\/#primaryimage"},"image":{"@id":"https:\/\/shop.texma-gmbh.de\/1shop\/produkt\/hmlevolution-energizer-ar-hb\/#primaryimage"},"thumbnailUrl":"https:\/\/shop.texma-gmbh.de\/1shop\/wp-content\/uploads\/sites\/4\/2025\/11\/231525-7637.png","datePublished":"2025-11-18T14:54:46+00:00","dateModified":"2026-03-30T06:55:38+00:00","breadcrumb":{"@id":"https:\/\/shop.texma-gmbh.de\/1shop\/produkt\/hmlevolution-energizer-ar-hb\/#breadcrumb"},"inLanguage":"de","potentialAction":[{"@type":"ReadAction","target":["https:\/\/shop.texma-gmbh.de\/1shop\/produkt\/hmlevolution-energizer-ar-hb\/"]}]},{"@type":"ImageObject","inLanguage":"de","@id":"https:\/\/shop.texma-gmbh.de\/1shop\/produkt\/hmlevolution-energizer-ar-hb\/#primaryimage","url":"https:\/\/shop.texma-gmbh.de\/1shop\/wp-content\/uploads\/sites\/4\/2025\/11\/231525-7637.png","contentUrl":"https:\/\/shop.texma-gmbh.de\/1shop\/wp-content\/uploads\/sites\/4\/2025\/11\/231525-7637.png","width":1125,"height":1500},{"@type":"BreadcrumbList","@id":"https:\/\/shop.texma-gmbh.de\/1shop\/produkt\/hmlevolution-energizer-ar-hb\/#breadcrumb","itemListElement":[{"@type":"ListItem","position":1,"name":"Startseite","item":"https:\/\/shop.texma-gmbh.de\/1shop\/"},{"@type":"ListItem","position":2,"name":"Shop","item":"https:\/\/shop.texma-gmbh.de\/1shop\/shop\/"},{"@type":"ListItem","position":3,"name":"hmlEVOLUTION ENERGIZER AR HB"}]},{"@type":"WebSite","@id":"https:\/\/shop.texma-gmbh.de\/1shop\/#website","url":"https:\/\/shop.texma-gmbh.de\/1shop\/","name":"TEXMA Textilmarketing GmbH","description":"","potentialAction":[{"@type":"SearchAction","target":{"@type":"EntryPoint","urlTemplate":"https:\/\/shop.texma-gmbh.de\/1shop\/?s={search_term_string}"},"query-input":{"@type":"PropertyValueSpecification","valueRequired":true,"valueName":"search_term_string"}}],"inLanguage":"de"}]}},"jetpack_sharing_enabled":true,"_links":{"self":[{"href":"https:\/\/shop.texma-gmbh.de\/1shop\/wp-json\/wp\/v2\/product\/27753","targetHints":{"allow":["GET"]}}],"collection":[{"href":"https:\/\/shop.texma-gmbh.de\/1shop\/wp-json\/wp\/v2\/product"}],"about":[{"href":"https:\/\/shop.texma-gmbh.de\/1shop\/wp-json\/wp\/v2\/types\/product"}],"version-history":[{"count":5,"href":"https:\/\/shop.texma-gmbh.de\/1shop\/wp-json\/wp\/v2\/product\/27753\/revisions"}],"predecessor-version":[{"id":27846,"href":"https:\/\/shop.texma-gmbh.de\/1shop\/wp-json\/wp\/v2\/product\/27753\/revisions\/27846"}],"wp:featuredmedia":[{"embeddable":true,"href":"https:\/\/shop.texma-gmbh.de\/1shop\/wp-json\/wp\/v2\/media\/27757"}],"wp:attachment":[{"href":"https:\/\/shop.texma-gmbh.de\/1shop\/wp-json\/wp\/v2\/media?parent=27753"}],"wp:term":[{"taxonomy":"product_brand","embeddable":true,"href":"https:\/\/shop.texma-gmbh.de\/1shop\/wp-json\/wp\/v2\/product_brand?post=27753"},{"taxonomy":"product_cat","embeddable":true,"href":"https:\/\/shop.texma-gmbh.de\/1shop\/wp-json\/wp\/v2\/product_cat?post=27753"},{"taxonomy":"product_tag","embeddable":true,"href":"https:\/\/shop.texma-gmbh.de\/1shop\/wp-json\/wp\/v2\/product_tag?post=27753"}],"curies":[{"name":"wp","href":"https:\/\/api.w.org\/{rel}","templated":true}]}}