{"id":27747,"date":"2025-11-19T14:33:38","date_gmt":"2025-11-19T13:33:38","guid":{"rendered":"https:\/\/shop.texma-gmbh.de\/1shop\/?post_type=product&#038;p=27747"},"modified":"2026-03-30T14:43:46","modified_gmt":"2026-03-30T12:43:46","slug":"hmlevolution-advanced-ar-hb","status":"publish","type":"product","link":"https:\/\/shop.texma-gmbh.de\/1shop\/produkt\/hmlevolution-advanced-ar-hb\/","title":{"rendered":"hmlEVOLUTION ADVANCED AR HB"},"content":{"rendered":"<div class=\"panel-body no-transition\">\n<div class=\"tab-content-wrapper\">\n<div class=\"desc\">\n<p>Der hummel hmlEVOLUTION ADVANCED AR HB Handball \u00fcberzeugt durch seine handgen\u00e4hte Verarbeitung, die f\u00fcr besonders hohe Haltbarkeit und Formstabilit\u00e4t sorgt. Dieser harzfreie Unisex-Ball wurde speziell f\u00fcr den Einsatz in Hallen mit Harzverbot entwickelt und bietet allen Spielern eine angenehme Passform sowie optimale Kontrolle ohne zus\u00e4tzliche Haftmittel.<\/p>\n<p><strong>Produktdetails<\/strong>:<\/p>\n<ul>\n<li>Handgen\u00e4hte Verarbeitung gew\u00e4hrleistet langlebige Qualit\u00e4t und robuste Widerstandsf\u00e4higkeit<\/li>\n<li>Speziell f\u00fcr den harzfreien Gebrauch konzipiert \u2013 ideal f\u00fcr Hallen mit Harzverbot<\/li>\n<li>Unisex-Design, das sich gleicherma\u00dfen f\u00fcr Damen, Herren und Jugendspieler eignet<\/li>\n<li>Pr\u00e4zise Nahtf\u00fchrung sorgt f\u00fcr eine gleichbleibende Form und hervorragende Ballkontrolle<\/li>\n<\/ul>\n<\/div>\n<\/div>\n<\/div>\n","protected":false},"excerpt":{"rendered":"<p>Der hummel hmlEVOLUTION ADVANCED AR HB Handball \u00fcberzeugt durch seine handgen\u00e4hte Verarbeitung, die f\u00fcr besonders hohe Haltbarkeit und Formstabilit\u00e4t sorgt. Dieser <strong>harzfreie Unisex-Ball<\/strong> <strong>wurde speziell f\u00fcr den Einsatz in Hallen mit Harzverbot entwickelt<\/strong> und bietet allen Spielern eine angenehme Passform sowie <strong>optimale Kontrolle ohne zus\u00e4tzliche Haftmittel.<\/strong><\/p>\n<ul>\n<li><strong><span class=\"list-item__value\">Verringerte Gr\u00f6\u00dfe und Gewicht f\u00fcr bessere Handhabung, entsprechend der IHF Vorgaben f\u00fcr harzfreie B\u00e4lle<\/span><\/strong><\/li>\n<\/ul>\n","protected":false},"featured_media":27750,"template":"","meta":[],"product_brand":[],"product_cat":[160,195,20,310],"product_tag":[],"class_list":{"0":"post-27747","1":"product","2":"type-product","3":"status-publish","4":"has-post-thumbnail","6":"product_cat-baelle","7":"product_cat-sgnebreu","8":"product_cat-sgh2ku","9":"product_cat-spvgg-renningen","11":"first","12":"instock","13":"sale","14":"taxable","15":"shipping-taxable","16":"purchasable","17":"product-type-variable"},"yoast_head":"<!-- This site is optimized with the Yoast SEO plugin v27.4 - https:\/\/yoast.com\/product\/yoast-seo-wordpress\/ -->\n<title>hmlEVOLUTION ADVANCED AR HB - TEXMA Textilmarketing GmbH<\/title>\n<meta name=\"robots\" content=\"noindex, follow, max-snippet:-1, max-image-preview:large, max-video-preview:-1\" \/>\n<meta property=\"og:locale\" content=\"de_DE\" \/>\n<meta property=\"og:type\" content=\"article\" \/>\n<meta property=\"og:title\" content=\"hmlEVOLUTION ADVANCED AR HB - TEXMA Textilmarketing GmbH\" \/>\n<meta property=\"og:description\" content=\"Der hummel hmlEVOLUTION ADVANCED AR HB Handball \u00fcberzeugt durch seine handgen\u00e4hte Verarbeitung, die f\u00fcr besonders hohe Haltbarkeit und Formstabilit\u00e4t sorgt. Dieser harzfreie Unisex-Ball wurde speziell f\u00fcr den Einsatz in Hallen mit Harzverbot entwickelt und bietet allen Spielern eine angenehme Passform sowie optimale Kontrolle ohne zus\u00e4tzliche Haftmittel.   Verringerte Gr\u00f6\u00dfe und Gewicht f\u00fcr bessere Handhabung, entsprechend der IHF Vorgaben f\u00fcr harzfreie B\u00e4lle\" \/>\n<meta property=\"og:url\" content=\"https:\/\/shop.texma-gmbh.de\/1shop\/produkt\/hmlevolution-advanced-ar-hb\/\" \/>\n<meta property=\"og:site_name\" content=\"TEXMA Textilmarketing GmbH\" \/>\n<meta property=\"article:modified_time\" content=\"2026-03-30T12:43:46+00:00\" \/>\n<meta property=\"og:image\" content=\"https:\/\/shop.texma-gmbh.de\/1shop\/wp-content\/uploads\/sites\/4\/2025\/11\/231526-9439.png\" \/>\n\t<meta property=\"og:image:width\" content=\"1125\" \/>\n\t<meta property=\"og:image:height\" content=\"1500\" \/>\n\t<meta property=\"og:image:type\" content=\"image\/png\" \/>\n<meta name=\"twitter:card\" content=\"summary_large_image\" \/>\n<meta name=\"twitter:label1\" content=\"Gesch\u00e4tzte Lesezeit\" \/>\n\t<meta name=\"twitter:data1\" content=\"1\u00a0Minute\" \/>\n<script type=\"application\/ld+json\" class=\"yoast-schema-graph\">{\"@context\":\"https:\\\/\\\/schema.org\",\"@graph\":[{\"@type\":\"WebPage\",\"@id\":\"https:\\\/\\\/shop.texma-gmbh.de\\\/1shop\\\/produkt\\\/hmlevolution-advanced-ar-hb\\\/\",\"url\":\"https:\\\/\\\/shop.texma-gmbh.de\\\/1shop\\\/produkt\\\/hmlevolution-advanced-ar-hb\\\/\",\"name\":\"hmlEVOLUTION ADVANCED AR HB - TEXMA Textilmarketing GmbH\",\"isPartOf\":{\"@id\":\"https:\\\/\\\/shop.texma-gmbh.de\\\/1shop\\\/#website\"},\"primaryImageOfPage\":{\"@id\":\"https:\\\/\\\/shop.texma-gmbh.de\\\/1shop\\\/produkt\\\/hmlevolution-advanced-ar-hb\\\/#primaryimage\"},\"image\":{\"@id\":\"https:\\\/\\\/shop.texma-gmbh.de\\\/1shop\\\/produkt\\\/hmlevolution-advanced-ar-hb\\\/#primaryimage\"},\"thumbnailUrl\":\"https:\\\/\\\/shop.texma-gmbh.de\\\/1shop\\\/wp-content\\\/uploads\\\/sites\\\/4\\\/2025\\\/11\\\/231526-9439.png\",\"datePublished\":\"2025-11-19T13:33:38+00:00\",\"dateModified\":\"2026-03-30T12:43:46+00:00\",\"breadcrumb\":{\"@id\":\"https:\\\/\\\/shop.texma-gmbh.de\\\/1shop\\\/produkt\\\/hmlevolution-advanced-ar-hb\\\/#breadcrumb\"},\"inLanguage\":\"de\",\"potentialAction\":[{\"@type\":\"ReadAction\",\"target\":[\"https:\\\/\\\/shop.texma-gmbh.de\\\/1shop\\\/produkt\\\/hmlevolution-advanced-ar-hb\\\/\"]}]},{\"@type\":\"ImageObject\",\"inLanguage\":\"de\",\"@id\":\"https:\\\/\\\/shop.texma-gmbh.de\\\/1shop\\\/produkt\\\/hmlevolution-advanced-ar-hb\\\/#primaryimage\",\"url\":\"https:\\\/\\\/shop.texma-gmbh.de\\\/1shop\\\/wp-content\\\/uploads\\\/sites\\\/4\\\/2025\\\/11\\\/231526-9439.png\",\"contentUrl\":\"https:\\\/\\\/shop.texma-gmbh.de\\\/1shop\\\/wp-content\\\/uploads\\\/sites\\\/4\\\/2025\\\/11\\\/231526-9439.png\",\"width\":1125,\"height\":1500},{\"@type\":\"BreadcrumbList\",\"@id\":\"https:\\\/\\\/shop.texma-gmbh.de\\\/1shop\\\/produkt\\\/hmlevolution-advanced-ar-hb\\\/#breadcrumb\",\"itemListElement\":[{\"@type\":\"ListItem\",\"position\":1,\"name\":\"Startseite\",\"item\":\"https:\\\/\\\/shop.texma-gmbh.de\\\/1shop\\\/\"},{\"@type\":\"ListItem\",\"position\":2,\"name\":\"Shop\",\"item\":\"https:\\\/\\\/shop.texma-gmbh.de\\\/1shop\\\/shop\\\/\"},{\"@type\":\"ListItem\",\"position\":3,\"name\":\"hmlEVOLUTION ADVANCED AR HB\"}]},{\"@type\":\"WebSite\",\"@id\":\"https:\\\/\\\/shop.texma-gmbh.de\\\/1shop\\\/#website\",\"url\":\"https:\\\/\\\/shop.texma-gmbh.de\\\/1shop\\\/\",\"name\":\"TEXMA Textilmarketing GmbH\",\"description\":\"\",\"potentialAction\":[{\"@type\":\"SearchAction\",\"target\":{\"@type\":\"EntryPoint\",\"urlTemplate\":\"https:\\\/\\\/shop.texma-gmbh.de\\\/1shop\\\/?s={search_term_string}\"},\"query-input\":{\"@type\":\"PropertyValueSpecification\",\"valueRequired\":true,\"valueName\":\"search_term_string\"}}],\"inLanguage\":\"de\"}]}<\/script>\n<!-- \/ Yoast SEO plugin. -->","yoast_head_json":{"title":"hmlEVOLUTION ADVANCED AR HB - TEXMA Textilmarketing GmbH","robots":{"index":"noindex","follow":"follow","max-snippet":"max-snippet:-1","max-image-preview":"max-image-preview:large","max-video-preview":"max-video-preview:-1"},"og_locale":"de_DE","og_type":"article","og_title":"hmlEVOLUTION ADVANCED AR HB - TEXMA Textilmarketing GmbH","og_description":"Der hummel hmlEVOLUTION ADVANCED AR HB Handball \u00fcberzeugt durch seine handgen\u00e4hte Verarbeitung, die f\u00fcr besonders hohe Haltbarkeit und Formstabilit\u00e4t sorgt. Dieser harzfreie Unisex-Ball wurde speziell f\u00fcr den Einsatz in Hallen mit Harzverbot entwickelt und bietet allen Spielern eine angenehme Passform sowie optimale Kontrolle ohne zus\u00e4tzliche Haftmittel.   Verringerte Gr\u00f6\u00dfe und Gewicht f\u00fcr bessere Handhabung, entsprechend der IHF Vorgaben f\u00fcr harzfreie B\u00e4lle","og_url":"https:\/\/shop.texma-gmbh.de\/1shop\/produkt\/hmlevolution-advanced-ar-hb\/","og_site_name":"TEXMA Textilmarketing GmbH","article_modified_time":"2026-03-30T12:43:46+00:00","og_image":[{"width":1125,"height":1500,"url":"https:\/\/shop.texma-gmbh.de\/1shop\/wp-content\/uploads\/sites\/4\/2025\/11\/231526-9439.png","type":"image\/png"}],"twitter_card":"summary_large_image","twitter_misc":{"Gesch\u00e4tzte Lesezeit":"1\u00a0Minute"},"schema":{"@context":"https:\/\/schema.org","@graph":[{"@type":"WebPage","@id":"https:\/\/shop.texma-gmbh.de\/1shop\/produkt\/hmlevolution-advanced-ar-hb\/","url":"https:\/\/shop.texma-gmbh.de\/1shop\/produkt\/hmlevolution-advanced-ar-hb\/","name":"hmlEVOLUTION ADVANCED AR HB - TEXMA Textilmarketing GmbH","isPartOf":{"@id":"https:\/\/shop.texma-gmbh.de\/1shop\/#website"},"primaryImageOfPage":{"@id":"https:\/\/shop.texma-gmbh.de\/1shop\/produkt\/hmlevolution-advanced-ar-hb\/#primaryimage"},"image":{"@id":"https:\/\/shop.texma-gmbh.de\/1shop\/produkt\/hmlevolution-advanced-ar-hb\/#primaryimage"},"thumbnailUrl":"https:\/\/shop.texma-gmbh.de\/1shop\/wp-content\/uploads\/sites\/4\/2025\/11\/231526-9439.png","datePublished":"2025-11-19T13:33:38+00:00","dateModified":"2026-03-30T12:43:46+00:00","breadcrumb":{"@id":"https:\/\/shop.texma-gmbh.de\/1shop\/produkt\/hmlevolution-advanced-ar-hb\/#breadcrumb"},"inLanguage":"de","potentialAction":[{"@type":"ReadAction","target":["https:\/\/shop.texma-gmbh.de\/1shop\/produkt\/hmlevolution-advanced-ar-hb\/"]}]},{"@type":"ImageObject","inLanguage":"de","@id":"https:\/\/shop.texma-gmbh.de\/1shop\/produkt\/hmlevolution-advanced-ar-hb\/#primaryimage","url":"https:\/\/shop.texma-gmbh.de\/1shop\/wp-content\/uploads\/sites\/4\/2025\/11\/231526-9439.png","contentUrl":"https:\/\/shop.texma-gmbh.de\/1shop\/wp-content\/uploads\/sites\/4\/2025\/11\/231526-9439.png","width":1125,"height":1500},{"@type":"BreadcrumbList","@id":"https:\/\/shop.texma-gmbh.de\/1shop\/produkt\/hmlevolution-advanced-ar-hb\/#breadcrumb","itemListElement":[{"@type":"ListItem","position":1,"name":"Startseite","item":"https:\/\/shop.texma-gmbh.de\/1shop\/"},{"@type":"ListItem","position":2,"name":"Shop","item":"https:\/\/shop.texma-gmbh.de\/1shop\/shop\/"},{"@type":"ListItem","position":3,"name":"hmlEVOLUTION ADVANCED AR HB"}]},{"@type":"WebSite","@id":"https:\/\/shop.texma-gmbh.de\/1shop\/#website","url":"https:\/\/shop.texma-gmbh.de\/1shop\/","name":"TEXMA Textilmarketing GmbH","description":"","potentialAction":[{"@type":"SearchAction","target":{"@type":"EntryPoint","urlTemplate":"https:\/\/shop.texma-gmbh.de\/1shop\/?s={search_term_string}"},"query-input":{"@type":"PropertyValueSpecification","valueRequired":true,"valueName":"search_term_string"}}],"inLanguage":"de"}]}},"jetpack_sharing_enabled":true,"_links":{"self":[{"href":"https:\/\/shop.texma-gmbh.de\/1shop\/wp-json\/wp\/v2\/product\/27747","targetHints":{"allow":["GET"]}}],"collection":[{"href":"https:\/\/shop.texma-gmbh.de\/1shop\/wp-json\/wp\/v2\/product"}],"about":[{"href":"https:\/\/shop.texma-gmbh.de\/1shop\/wp-json\/wp\/v2\/types\/product"}],"version-history":[{"count":4,"href":"https:\/\/shop.texma-gmbh.de\/1shop\/wp-json\/wp\/v2\/product\/27747\/revisions"}],"predecessor-version":[{"id":27844,"href":"https:\/\/shop.texma-gmbh.de\/1shop\/wp-json\/wp\/v2\/product\/27747\/revisions\/27844"}],"wp:featuredmedia":[{"embeddable":true,"href":"https:\/\/shop.texma-gmbh.de\/1shop\/wp-json\/wp\/v2\/media\/27750"}],"wp:attachment":[{"href":"https:\/\/shop.texma-gmbh.de\/1shop\/wp-json\/wp\/v2\/media?parent=27747"}],"wp:term":[{"taxonomy":"product_brand","embeddable":true,"href":"https:\/\/shop.texma-gmbh.de\/1shop\/wp-json\/wp\/v2\/product_brand?post=27747"},{"taxonomy":"product_cat","embeddable":true,"href":"https:\/\/shop.texma-gmbh.de\/1shop\/wp-json\/wp\/v2\/product_cat?post=27747"},{"taxonomy":"product_tag","embeddable":true,"href":"https:\/\/shop.texma-gmbh.de\/1shop\/wp-json\/wp\/v2\/product_tag?post=27747"}],"curies":[{"name":"wp","href":"https:\/\/api.w.org\/{rel}","templated":true}]}}