{"id":27436,"date":"2025-08-13T15:19:10","date_gmt":"2025-08-13T13:19:10","guid":{"rendered":"https:\/\/shop.texma-gmbh.de\/1shop\/?post_type=product&#038;p=27436"},"modified":"2026-04-17T17:39:53","modified_gmt":"2026-04-17T15:39:53","slug":"erima-magic-white-training-handball","status":"publish","type":"product","link":"https:\/\/shop.texma-gmbh.de\/1shop\/produkt\/erima-magic-white-training-handball\/","title":{"rendered":"Erima &#8211; Magic White Training Handball"},"content":{"rendered":"<ul class=\"list-unstyled list-dots post\">\n<li class=\"list-item\"><span class=\"list-item__value\">Hochwertiger Einstiegshandball f\u00fcr harzfreie Hallen<\/span><\/li>\n<li class=\"list-item\"><span class=\"list-item__value\">Dual Shock System f\u00fcr weichen Grip<\/span><\/li>\n<li class=\"list-item\"><span class=\"list-item__value\">0,9 mm PU Obermaterial &#8211; griffig &#8211; ganz ohne Harz<\/span><\/li>\n<li class=\"list-item\"><span class=\"list-item__value\">Latexblase \u2013 optimaler R\u00fccksprung auch bei weniger Luftdruck<\/span><\/li>\n<li class=\"list-item\"><strong><span class=\"list-item__value\">Verringerte Gr\u00f6\u00dfe und Gewicht f\u00fcr bessere Handhabung, entsprechend der Vorgaben f\u00fcr harzfreie B\u00e4lle<\/span><\/strong><\/li>\n<li class=\"list-item\"><strong><span class=\"list-item__value\">Nicht f\u00fcr die Verwendung mit Harz geeignet<\/span><\/strong><\/li>\n<\/ul>\n","protected":false},"excerpt":{"rendered":"<ul>\n<li>\n<p class=\"content--title\">Idealer Grip f\u00fcr dein Training \u2013 ohne Harz.<\/p>\n<\/li>\n<li>\n<p class=\"content--title\">Gr\u00f6\u00dfe 0-3<\/p>\n<\/li>\n<li><strong><span class=\"list-item__value\">Verringerte Gr\u00f6\u00dfe und Gewicht f\u00fcr bessere Handhabung, entsprechend der IHF Vorgaben f\u00fcr harzfreie B\u00e4lle<\/span><\/strong><\/li>\n<\/ul>\n","protected":false},"featured_media":27442,"template":"","meta":[],"product_brand":[],"product_cat":[160,65,195,20,310],"product_tag":[],"class_list":{"0":"post-27436","1":"product","2":"type-product","3":"status-publish","4":"has-post-thumbnail","6":"product_cat-baelle","7":"product_cat-erima","8":"product_cat-sgnebreu","9":"product_cat-sgh2ku","10":"product_cat-spvgg-renningen","12":"first","13":"instock","14":"sale","15":"taxable","16":"shipping-taxable","17":"purchasable","18":"product-type-variable"},"yoast_head":"<!-- This site is optimized with the Yoast SEO plugin v27.4 - https:\/\/yoast.com\/product\/yoast-seo-wordpress\/ -->\n<title>Erima - Magic White Training Handball - TEXMA Textilmarketing GmbH<\/title>\n<meta name=\"robots\" content=\"noindex, follow, max-snippet:-1, max-image-preview:large, max-video-preview:-1\" \/>\n<meta property=\"og:locale\" content=\"de_DE\" \/>\n<meta property=\"og:type\" content=\"article\" \/>\n<meta property=\"og:title\" content=\"Erima - Magic White Training Handball - TEXMA Textilmarketing GmbH\" \/>\n<meta property=\"og:description\" content=\"Idealer Grip f\u00fcr dein Training \u2013 ohne Harz.    Gr\u00f6\u00dfe 0-3   Verringerte Gr\u00f6\u00dfe und Gewicht f\u00fcr bessere Handhabung, entsprechend der IHF Vorgaben f\u00fcr harzfreie B\u00e4lle\" \/>\n<meta property=\"og:url\" content=\"https:\/\/shop.texma-gmbh.de\/1shop\/produkt\/erima-magic-white-training-handball\/\" \/>\n<meta property=\"og:site_name\" content=\"TEXMA Textilmarketing GmbH\" \/>\n<meta property=\"article:modified_time\" content=\"2026-04-17T15:39:53+00:00\" \/>\n<meta property=\"og:image\" content=\"https:\/\/shop.texma-gmbh.de\/1shop\/wp-content\/uploads\/sites\/4\/2025\/08\/7202509_V_1920x1920.jpg\" \/>\n\t<meta property=\"og:image:width\" content=\"1479\" \/>\n\t<meta property=\"og:image:height\" content=\"1920\" \/>\n\t<meta property=\"og:image:type\" content=\"image\/jpeg\" \/>\n<meta name=\"twitter:card\" content=\"summary_large_image\" \/>\n<meta name=\"twitter:label1\" content=\"Gesch\u00e4tzte Lesezeit\" \/>\n\t<meta name=\"twitter:data1\" content=\"1\u00a0Minute\" \/>\n<script type=\"application\/ld+json\" class=\"yoast-schema-graph\">{\"@context\":\"https:\\\/\\\/schema.org\",\"@graph\":[{\"@type\":\"WebPage\",\"@id\":\"https:\\\/\\\/shop.texma-gmbh.de\\\/1shop\\\/produkt\\\/erima-magic-white-training-handball\\\/\",\"url\":\"https:\\\/\\\/shop.texma-gmbh.de\\\/1shop\\\/produkt\\\/erima-magic-white-training-handball\\\/\",\"name\":\"Erima - Magic White Training Handball - TEXMA Textilmarketing GmbH\",\"isPartOf\":{\"@id\":\"https:\\\/\\\/shop.texma-gmbh.de\\\/1shop\\\/#website\"},\"primaryImageOfPage\":{\"@id\":\"https:\\\/\\\/shop.texma-gmbh.de\\\/1shop\\\/produkt\\\/erima-magic-white-training-handball\\\/#primaryimage\"},\"image\":{\"@id\":\"https:\\\/\\\/shop.texma-gmbh.de\\\/1shop\\\/produkt\\\/erima-magic-white-training-handball\\\/#primaryimage\"},\"thumbnailUrl\":\"https:\\\/\\\/shop.texma-gmbh.de\\\/1shop\\\/wp-content\\\/uploads\\\/sites\\\/4\\\/2025\\\/08\\\/7202509_V_1920x1920.jpg\",\"datePublished\":\"2025-08-13T13:19:10+00:00\",\"dateModified\":\"2026-04-17T15:39:53+00:00\",\"breadcrumb\":{\"@id\":\"https:\\\/\\\/shop.texma-gmbh.de\\\/1shop\\\/produkt\\\/erima-magic-white-training-handball\\\/#breadcrumb\"},\"inLanguage\":\"de\",\"potentialAction\":[{\"@type\":\"ReadAction\",\"target\":[\"https:\\\/\\\/shop.texma-gmbh.de\\\/1shop\\\/produkt\\\/erima-magic-white-training-handball\\\/\"]}]},{\"@type\":\"ImageObject\",\"inLanguage\":\"de\",\"@id\":\"https:\\\/\\\/shop.texma-gmbh.de\\\/1shop\\\/produkt\\\/erima-magic-white-training-handball\\\/#primaryimage\",\"url\":\"https:\\\/\\\/shop.texma-gmbh.de\\\/1shop\\\/wp-content\\\/uploads\\\/sites\\\/4\\\/2025\\\/08\\\/7202509_V_1920x1920.jpg\",\"contentUrl\":\"https:\\\/\\\/shop.texma-gmbh.de\\\/1shop\\\/wp-content\\\/uploads\\\/sites\\\/4\\\/2025\\\/08\\\/7202509_V_1920x1920.jpg\",\"width\":1479,\"height\":1920},{\"@type\":\"BreadcrumbList\",\"@id\":\"https:\\\/\\\/shop.texma-gmbh.de\\\/1shop\\\/produkt\\\/erima-magic-white-training-handball\\\/#breadcrumb\",\"itemListElement\":[{\"@type\":\"ListItem\",\"position\":1,\"name\":\"Startseite\",\"item\":\"https:\\\/\\\/shop.texma-gmbh.de\\\/1shop\\\/\"},{\"@type\":\"ListItem\",\"position\":2,\"name\":\"Shop\",\"item\":\"https:\\\/\\\/shop.texma-gmbh.de\\\/1shop\\\/shop\\\/\"},{\"@type\":\"ListItem\",\"position\":3,\"name\":\"Erima &#8211; Magic White Training Handball\"}]},{\"@type\":\"WebSite\",\"@id\":\"https:\\\/\\\/shop.texma-gmbh.de\\\/1shop\\\/#website\",\"url\":\"https:\\\/\\\/shop.texma-gmbh.de\\\/1shop\\\/\",\"name\":\"TEXMA Textilmarketing GmbH\",\"description\":\"\",\"potentialAction\":[{\"@type\":\"SearchAction\",\"target\":{\"@type\":\"EntryPoint\",\"urlTemplate\":\"https:\\\/\\\/shop.texma-gmbh.de\\\/1shop\\\/?s={search_term_string}\"},\"query-input\":{\"@type\":\"PropertyValueSpecification\",\"valueRequired\":true,\"valueName\":\"search_term_string\"}}],\"inLanguage\":\"de\"}]}<\/script>\n<!-- \/ Yoast SEO plugin. -->","yoast_head_json":{"title":"Erima - Magic White Training Handball - TEXMA Textilmarketing GmbH","robots":{"index":"noindex","follow":"follow","max-snippet":"max-snippet:-1","max-image-preview":"max-image-preview:large","max-video-preview":"max-video-preview:-1"},"og_locale":"de_DE","og_type":"article","og_title":"Erima - Magic White Training Handball - TEXMA Textilmarketing GmbH","og_description":"Idealer Grip f\u00fcr dein Training \u2013 ohne Harz.    Gr\u00f6\u00dfe 0-3   Verringerte Gr\u00f6\u00dfe und Gewicht f\u00fcr bessere Handhabung, entsprechend der IHF Vorgaben f\u00fcr harzfreie B\u00e4lle","og_url":"https:\/\/shop.texma-gmbh.de\/1shop\/produkt\/erima-magic-white-training-handball\/","og_site_name":"TEXMA Textilmarketing GmbH","article_modified_time":"2026-04-17T15:39:53+00:00","og_image":[{"width":1479,"height":1920,"url":"https:\/\/shop.texma-gmbh.de\/1shop\/wp-content\/uploads\/sites\/4\/2025\/08\/7202509_V_1920x1920.jpg","type":"image\/jpeg"}],"twitter_card":"summary_large_image","twitter_misc":{"Gesch\u00e4tzte Lesezeit":"1\u00a0Minute"},"schema":{"@context":"https:\/\/schema.org","@graph":[{"@type":"WebPage","@id":"https:\/\/shop.texma-gmbh.de\/1shop\/produkt\/erima-magic-white-training-handball\/","url":"https:\/\/shop.texma-gmbh.de\/1shop\/produkt\/erima-magic-white-training-handball\/","name":"Erima - Magic White Training Handball - TEXMA Textilmarketing GmbH","isPartOf":{"@id":"https:\/\/shop.texma-gmbh.de\/1shop\/#website"},"primaryImageOfPage":{"@id":"https:\/\/shop.texma-gmbh.de\/1shop\/produkt\/erima-magic-white-training-handball\/#primaryimage"},"image":{"@id":"https:\/\/shop.texma-gmbh.de\/1shop\/produkt\/erima-magic-white-training-handball\/#primaryimage"},"thumbnailUrl":"https:\/\/shop.texma-gmbh.de\/1shop\/wp-content\/uploads\/sites\/4\/2025\/08\/7202509_V_1920x1920.jpg","datePublished":"2025-08-13T13:19:10+00:00","dateModified":"2026-04-17T15:39:53+00:00","breadcrumb":{"@id":"https:\/\/shop.texma-gmbh.de\/1shop\/produkt\/erima-magic-white-training-handball\/#breadcrumb"},"inLanguage":"de","potentialAction":[{"@type":"ReadAction","target":["https:\/\/shop.texma-gmbh.de\/1shop\/produkt\/erima-magic-white-training-handball\/"]}]},{"@type":"ImageObject","inLanguage":"de","@id":"https:\/\/shop.texma-gmbh.de\/1shop\/produkt\/erima-magic-white-training-handball\/#primaryimage","url":"https:\/\/shop.texma-gmbh.de\/1shop\/wp-content\/uploads\/sites\/4\/2025\/08\/7202509_V_1920x1920.jpg","contentUrl":"https:\/\/shop.texma-gmbh.de\/1shop\/wp-content\/uploads\/sites\/4\/2025\/08\/7202509_V_1920x1920.jpg","width":1479,"height":1920},{"@type":"BreadcrumbList","@id":"https:\/\/shop.texma-gmbh.de\/1shop\/produkt\/erima-magic-white-training-handball\/#breadcrumb","itemListElement":[{"@type":"ListItem","position":1,"name":"Startseite","item":"https:\/\/shop.texma-gmbh.de\/1shop\/"},{"@type":"ListItem","position":2,"name":"Shop","item":"https:\/\/shop.texma-gmbh.de\/1shop\/shop\/"},{"@type":"ListItem","position":3,"name":"Erima &#8211; Magic White Training Handball"}]},{"@type":"WebSite","@id":"https:\/\/shop.texma-gmbh.de\/1shop\/#website","url":"https:\/\/shop.texma-gmbh.de\/1shop\/","name":"TEXMA Textilmarketing GmbH","description":"","potentialAction":[{"@type":"SearchAction","target":{"@type":"EntryPoint","urlTemplate":"https:\/\/shop.texma-gmbh.de\/1shop\/?s={search_term_string}"},"query-input":{"@type":"PropertyValueSpecification","valueRequired":true,"valueName":"search_term_string"}}],"inLanguage":"de"}]}},"jetpack_sharing_enabled":true,"_links":{"self":[{"href":"https:\/\/shop.texma-gmbh.de\/1shop\/wp-json\/wp\/v2\/product\/27436","targetHints":{"allow":["GET"]}}],"collection":[{"href":"https:\/\/shop.texma-gmbh.de\/1shop\/wp-json\/wp\/v2\/product"}],"about":[{"href":"https:\/\/shop.texma-gmbh.de\/1shop\/wp-json\/wp\/v2\/types\/product"}],"version-history":[{"count":7,"href":"https:\/\/shop.texma-gmbh.de\/1shop\/wp-json\/wp\/v2\/product\/27436\/revisions"}],"predecessor-version":[{"id":27848,"href":"https:\/\/shop.texma-gmbh.de\/1shop\/wp-json\/wp\/v2\/product\/27436\/revisions\/27848"}],"wp:featuredmedia":[{"embeddable":true,"href":"https:\/\/shop.texma-gmbh.de\/1shop\/wp-json\/wp\/v2\/media\/27442"}],"wp:attachment":[{"href":"https:\/\/shop.texma-gmbh.de\/1shop\/wp-json\/wp\/v2\/media?parent=27436"}],"wp:term":[{"taxonomy":"product_brand","embeddable":true,"href":"https:\/\/shop.texma-gmbh.de\/1shop\/wp-json\/wp\/v2\/product_brand?post=27436"},{"taxonomy":"product_cat","embeddable":true,"href":"https:\/\/shop.texma-gmbh.de\/1shop\/wp-json\/wp\/v2\/product_cat?post=27436"},{"taxonomy":"product_tag","embeddable":true,"href":"https:\/\/shop.texma-gmbh.de\/1shop\/wp-json\/wp\/v2\/product_tag?post=27436"}],"curies":[{"name":"wp","href":"https:\/\/api.w.org\/{rel}","templated":true}]}}