{"id":24979,"date":"2024-11-15T11:28:18","date_gmt":"2024-11-15T10:28:18","guid":{"rendered":"https:\/\/shop.texma-gmbh.de\/1shop\/?post_type=product&#038;p=24979"},"modified":"2024-11-22T11:28:18","modified_gmt":"2024-11-22T10:28:18","slug":"six-wings-trainingsjacke-mit-kapuze-2","status":"publish","type":"product","link":"https:\/\/shop.texma-gmbh.de\/1shop\/produkt\/six-wings-trainingsjacke-mit-kapuze-2\/","title":{"rendered":"SIX WINGS Trainingsjacke mit Kapuze"},"content":{"rendered":"<div class=\"description-block description-block-features\">\n<ul class=\"description-block__content\">\n<li><span class=\"list-item__value\">65% Polyester, 35% Baumwolle<\/span><\/li>\n<li class=\"list-item\"><span class=\"list-item__value\">Strapazierf\u00e4higes Funktionsmaterial<\/span><\/li>\n<li class=\"list-item\"><span class=\"list-item__value\">Hoher Kragen mit Kapuze<\/span><\/li>\n<li class=\"list-item\"><span class=\"list-item__value\">Breite Rippb\u00fcndchen an \u00c4rmel und Saum<\/span><\/li>\n<li class=\"list-item\"><span class=\"list-item__value\">ERIMA Schwingen-Design auf der Schulter<\/span><\/li>\n<\/ul>\n<\/div>\n<div class=\"description-block description-block-material\"><\/div>\n<ul>\n<li>Vereinswappen gestickt auf der Brust<\/li>\n<li>Vereinsname auf dem R\u00fccken<\/li>\n<li>optional kann der Name, die Initialien oder eine Nummer vorne platziert werden<\/li>\n<\/ul>\n","protected":false},"excerpt":{"rendered":"<p>65% Polyester, 35% Baumwolle Strapazierf\u00e4higes Funktionsmaterial Hoher Kragen mit Kapuze Breite Rippb\u00fcndchen an \u00c4rmel und Saum ERIMA Schwingen-Design auf der\u2026<\/p>\n","protected":false},"featured_media":25007,"template":"","meta":[],"product_brand":[],"product_cat":[20],"product_tag":[61],"class_list":{"0":"post-24979","1":"product","2":"type-product","3":"status-publish","4":"has-post-thumbnail","6":"product_cat-sgh2ku","7":"product_tag-trainingstop","8":"pa_masseinheiten-3xl","9":"pa_masseinheiten-4xl","10":"pa_masseinheiten-large","11":"pa_masseinheiten-medium","12":"pa_masseinheiten-small","13":"pa_masseinheiten-extra-large","14":"pa_masseinheiten-extra-extra-large","16":"first","17":"instock","18":"taxable","19":"shipping-taxable","20":"purchasable","21":"product-type-variable"},"yoast_head":"<!-- This site is optimized with the Yoast SEO plugin v27.4 - https:\/\/yoast.com\/product\/yoast-seo-wordpress\/ -->\n<title>SIX WINGS Trainingsjacke mit Kapuze - TEXMA Textilmarketing GmbH<\/title>\n<meta name=\"robots\" content=\"noindex, follow, max-snippet:-1, max-image-preview:large, max-video-preview:-1\" \/>\n<meta property=\"og:locale\" content=\"de_DE\" \/>\n<meta property=\"og:type\" content=\"article\" \/>\n<meta property=\"og:title\" content=\"SIX WINGS Trainingsjacke mit Kapuze - TEXMA Textilmarketing GmbH\" \/>\n<meta property=\"og:description\" content=\"65% Polyester, 35% Baumwolle Strapazierf\u00e4higes Funktionsmaterial Hoher Kragen mit Kapuze Breite Rippb\u00fcndchen an \u00c4rmel und Saum ERIMA Schwingen-Design auf der\u2026\" \/>\n<meta property=\"og:url\" content=\"https:\/\/shop.texma-gmbh.de\/1shop\/produkt\/six-wings-trainingsjacke-mit-kapuze-2\/\" \/>\n<meta property=\"og:site_name\" content=\"TEXMA Textilmarketing GmbH\" \/>\n<meta property=\"article:modified_time\" content=\"2024-11-22T10:28:18+00:00\" \/>\n<meta property=\"og:image\" content=\"https:\/\/shop.texma-gmbh.de\/1shop\/wp-content\/uploads\/sites\/4\/2024\/11\/SIX-WINGS-Kapujacke-front.jpg\" \/>\n\t<meta property=\"og:image:width\" content=\"960\" \/>\n\t<meta property=\"og:image:height\" content=\"960\" \/>\n\t<meta property=\"og:image:type\" content=\"image\/jpeg\" \/>\n<meta name=\"twitter:card\" content=\"summary_large_image\" \/>\n<meta name=\"twitter:label1\" content=\"Gesch\u00e4tzte Lesezeit\" \/>\n\t<meta name=\"twitter:data1\" content=\"1\u00a0Minute\" \/>\n<script type=\"application\/ld+json\" class=\"yoast-schema-graph\">{\"@context\":\"https:\\\/\\\/schema.org\",\"@graph\":[{\"@type\":\"WebPage\",\"@id\":\"https:\\\/\\\/shop.texma-gmbh.de\\\/1shop\\\/produkt\\\/six-wings-trainingsjacke-mit-kapuze-2\\\/\",\"url\":\"https:\\\/\\\/shop.texma-gmbh.de\\\/1shop\\\/produkt\\\/six-wings-trainingsjacke-mit-kapuze-2\\\/\",\"name\":\"SIX WINGS Trainingsjacke mit Kapuze - TEXMA Textilmarketing GmbH\",\"isPartOf\":{\"@id\":\"https:\\\/\\\/shop.texma-gmbh.de\\\/1shop\\\/#website\"},\"primaryImageOfPage\":{\"@id\":\"https:\\\/\\\/shop.texma-gmbh.de\\\/1shop\\\/produkt\\\/six-wings-trainingsjacke-mit-kapuze-2\\\/#primaryimage\"},\"image\":{\"@id\":\"https:\\\/\\\/shop.texma-gmbh.de\\\/1shop\\\/produkt\\\/six-wings-trainingsjacke-mit-kapuze-2\\\/#primaryimage\"},\"thumbnailUrl\":\"https:\\\/\\\/shop.texma-gmbh.de\\\/1shop\\\/wp-content\\\/uploads\\\/sites\\\/4\\\/2024\\\/11\\\/SIX-WINGS-Kapujacke-front.jpg\",\"datePublished\":\"2024-11-15T10:28:18+00:00\",\"dateModified\":\"2024-11-22T10:28:18+00:00\",\"breadcrumb\":{\"@id\":\"https:\\\/\\\/shop.texma-gmbh.de\\\/1shop\\\/produkt\\\/six-wings-trainingsjacke-mit-kapuze-2\\\/#breadcrumb\"},\"inLanguage\":\"de\",\"potentialAction\":[{\"@type\":\"ReadAction\",\"target\":[\"https:\\\/\\\/shop.texma-gmbh.de\\\/1shop\\\/produkt\\\/six-wings-trainingsjacke-mit-kapuze-2\\\/\"]}]},{\"@type\":\"ImageObject\",\"inLanguage\":\"de\",\"@id\":\"https:\\\/\\\/shop.texma-gmbh.de\\\/1shop\\\/produkt\\\/six-wings-trainingsjacke-mit-kapuze-2\\\/#primaryimage\",\"url\":\"https:\\\/\\\/shop.texma-gmbh.de\\\/1shop\\\/wp-content\\\/uploads\\\/sites\\\/4\\\/2024\\\/11\\\/SIX-WINGS-Kapujacke-front.jpg\",\"contentUrl\":\"https:\\\/\\\/shop.texma-gmbh.de\\\/1shop\\\/wp-content\\\/uploads\\\/sites\\\/4\\\/2024\\\/11\\\/SIX-WINGS-Kapujacke-front.jpg\",\"width\":960,\"height\":960},{\"@type\":\"BreadcrumbList\",\"@id\":\"https:\\\/\\\/shop.texma-gmbh.de\\\/1shop\\\/produkt\\\/six-wings-trainingsjacke-mit-kapuze-2\\\/#breadcrumb\",\"itemListElement\":[{\"@type\":\"ListItem\",\"position\":1,\"name\":\"Startseite\",\"item\":\"https:\\\/\\\/shop.texma-gmbh.de\\\/1shop\\\/\"},{\"@type\":\"ListItem\",\"position\":2,\"name\":\"Shop\",\"item\":\"https:\\\/\\\/shop.texma-gmbh.de\\\/1shop\\\/shop\\\/\"},{\"@type\":\"ListItem\",\"position\":3,\"name\":\"SIX WINGS Trainingsjacke mit Kapuze\"}]},{\"@type\":\"WebSite\",\"@id\":\"https:\\\/\\\/shop.texma-gmbh.de\\\/1shop\\\/#website\",\"url\":\"https:\\\/\\\/shop.texma-gmbh.de\\\/1shop\\\/\",\"name\":\"TEXMA Textilmarketing GmbH\",\"description\":\"\",\"potentialAction\":[{\"@type\":\"SearchAction\",\"target\":{\"@type\":\"EntryPoint\",\"urlTemplate\":\"https:\\\/\\\/shop.texma-gmbh.de\\\/1shop\\\/?s={search_term_string}\"},\"query-input\":{\"@type\":\"PropertyValueSpecification\",\"valueRequired\":true,\"valueName\":\"search_term_string\"}}],\"inLanguage\":\"de\"}]}<\/script>\n<!-- \/ Yoast SEO plugin. -->","yoast_head_json":{"title":"SIX WINGS Trainingsjacke mit Kapuze - TEXMA Textilmarketing GmbH","robots":{"index":"noindex","follow":"follow","max-snippet":"max-snippet:-1","max-image-preview":"max-image-preview:large","max-video-preview":"max-video-preview:-1"},"og_locale":"de_DE","og_type":"article","og_title":"SIX WINGS Trainingsjacke mit Kapuze - TEXMA Textilmarketing GmbH","og_description":"65% Polyester, 35% Baumwolle Strapazierf\u00e4higes Funktionsmaterial Hoher Kragen mit Kapuze Breite Rippb\u00fcndchen an \u00c4rmel und Saum ERIMA Schwingen-Design auf der\u2026","og_url":"https:\/\/shop.texma-gmbh.de\/1shop\/produkt\/six-wings-trainingsjacke-mit-kapuze-2\/","og_site_name":"TEXMA Textilmarketing GmbH","article_modified_time":"2024-11-22T10:28:18+00:00","og_image":[{"width":960,"height":960,"url":"https:\/\/shop.texma-gmbh.de\/1shop\/wp-content\/uploads\/sites\/4\/2024\/11\/SIX-WINGS-Kapujacke-front.jpg","type":"image\/jpeg"}],"twitter_card":"summary_large_image","twitter_misc":{"Gesch\u00e4tzte Lesezeit":"1\u00a0Minute"},"schema":{"@context":"https:\/\/schema.org","@graph":[{"@type":"WebPage","@id":"https:\/\/shop.texma-gmbh.de\/1shop\/produkt\/six-wings-trainingsjacke-mit-kapuze-2\/","url":"https:\/\/shop.texma-gmbh.de\/1shop\/produkt\/six-wings-trainingsjacke-mit-kapuze-2\/","name":"SIX WINGS Trainingsjacke mit Kapuze - TEXMA Textilmarketing GmbH","isPartOf":{"@id":"https:\/\/shop.texma-gmbh.de\/1shop\/#website"},"primaryImageOfPage":{"@id":"https:\/\/shop.texma-gmbh.de\/1shop\/produkt\/six-wings-trainingsjacke-mit-kapuze-2\/#primaryimage"},"image":{"@id":"https:\/\/shop.texma-gmbh.de\/1shop\/produkt\/six-wings-trainingsjacke-mit-kapuze-2\/#primaryimage"},"thumbnailUrl":"https:\/\/shop.texma-gmbh.de\/1shop\/wp-content\/uploads\/sites\/4\/2024\/11\/SIX-WINGS-Kapujacke-front.jpg","datePublished":"2024-11-15T10:28:18+00:00","dateModified":"2024-11-22T10:28:18+00:00","breadcrumb":{"@id":"https:\/\/shop.texma-gmbh.de\/1shop\/produkt\/six-wings-trainingsjacke-mit-kapuze-2\/#breadcrumb"},"inLanguage":"de","potentialAction":[{"@type":"ReadAction","target":["https:\/\/shop.texma-gmbh.de\/1shop\/produkt\/six-wings-trainingsjacke-mit-kapuze-2\/"]}]},{"@type":"ImageObject","inLanguage":"de","@id":"https:\/\/shop.texma-gmbh.de\/1shop\/produkt\/six-wings-trainingsjacke-mit-kapuze-2\/#primaryimage","url":"https:\/\/shop.texma-gmbh.de\/1shop\/wp-content\/uploads\/sites\/4\/2024\/11\/SIX-WINGS-Kapujacke-front.jpg","contentUrl":"https:\/\/shop.texma-gmbh.de\/1shop\/wp-content\/uploads\/sites\/4\/2024\/11\/SIX-WINGS-Kapujacke-front.jpg","width":960,"height":960},{"@type":"BreadcrumbList","@id":"https:\/\/shop.texma-gmbh.de\/1shop\/produkt\/six-wings-trainingsjacke-mit-kapuze-2\/#breadcrumb","itemListElement":[{"@type":"ListItem","position":1,"name":"Startseite","item":"https:\/\/shop.texma-gmbh.de\/1shop\/"},{"@type":"ListItem","position":2,"name":"Shop","item":"https:\/\/shop.texma-gmbh.de\/1shop\/shop\/"},{"@type":"ListItem","position":3,"name":"SIX WINGS Trainingsjacke mit Kapuze"}]},{"@type":"WebSite","@id":"https:\/\/shop.texma-gmbh.de\/1shop\/#website","url":"https:\/\/shop.texma-gmbh.de\/1shop\/","name":"TEXMA Textilmarketing GmbH","description":"","potentialAction":[{"@type":"SearchAction","target":{"@type":"EntryPoint","urlTemplate":"https:\/\/shop.texma-gmbh.de\/1shop\/?s={search_term_string}"},"query-input":{"@type":"PropertyValueSpecification","valueRequired":true,"valueName":"search_term_string"}}],"inLanguage":"de"}]}},"jetpack_sharing_enabled":true,"_links":{"self":[{"href":"https:\/\/shop.texma-gmbh.de\/1shop\/wp-json\/wp\/v2\/product\/24979","targetHints":{"allow":["GET"]}}],"collection":[{"href":"https:\/\/shop.texma-gmbh.de\/1shop\/wp-json\/wp\/v2\/product"}],"about":[{"href":"https:\/\/shop.texma-gmbh.de\/1shop\/wp-json\/wp\/v2\/types\/product"}],"version-history":[{"count":4,"href":"https:\/\/shop.texma-gmbh.de\/1shop\/wp-json\/wp\/v2\/product\/24979\/revisions"}],"predecessor-version":[{"id":25010,"href":"https:\/\/shop.texma-gmbh.de\/1shop\/wp-json\/wp\/v2\/product\/24979\/revisions\/25010"}],"wp:featuredmedia":[{"embeddable":true,"href":"https:\/\/shop.texma-gmbh.de\/1shop\/wp-json\/wp\/v2\/media\/25007"}],"wp:attachment":[{"href":"https:\/\/shop.texma-gmbh.de\/1shop\/wp-json\/wp\/v2\/media?parent=24979"}],"wp:term":[{"taxonomy":"product_brand","embeddable":true,"href":"https:\/\/shop.texma-gmbh.de\/1shop\/wp-json\/wp\/v2\/product_brand?post=24979"},{"taxonomy":"product_cat","embeddable":true,"href":"https:\/\/shop.texma-gmbh.de\/1shop\/wp-json\/wp\/v2\/product_cat?post=24979"},{"taxonomy":"product_tag","embeddable":true,"href":"https:\/\/shop.texma-gmbh.de\/1shop\/wp-json\/wp\/v2\/product_tag?post=24979"}],"curies":[{"name":"wp","href":"https:\/\/api.w.org\/{rel}","templated":true}]}}