{"id":24614,"date":"2024-07-22T14:52:43","date_gmt":"2024-07-22T12:52:43","guid":{"rendered":"https:\/\/shop.texma-gmbh.de\/1shop\/?post_type=product&#038;p=24614"},"modified":"2026-03-30T08:55:38","modified_gmt":"2026-03-30T06:55:38","slug":"erima-magic-white","status":"publish","type":"product","link":"https:\/\/shop.texma-gmbh.de\/1shop\/produkt\/erima-magic-white\/","title":{"rendered":"Erima Magic White Handball"},"content":{"rendered":"<ul class=\"list-unstyled list-dots post\">\n<li>Must-have f\u00fcr alle Sporthallen, in denen Harzverbot herrscht! Der MAGIC WHITE \u00fcberzeugt mit hervorragendem Grip ganz ohne Harz.<\/li>\n<li>Lang haltbarer, hochwertiger Handball<\/li>\n<li>Hightech-PU f\u00fcr au\u00dfergew\u00f6hnlichen Grip<\/li>\n<li>Zweite Backing-Schicht aus Soft Gel f\u00fcr ein besonders weiches Spielgef\u00fchl, hergestellt aus recycelten PET-Flaschen<\/li>\n<li>Extrem griffig und exzellentes Ballgef\u00fchl<\/li>\n<li>N\u00e4hte kaum sp\u00fcrbar dank Hydro Stitching<\/li>\n<li>Nicht f\u00fcr die Verwendung mit Harz geeignet<\/li>\n<li>Verringerte Gr\u00f6\u00dfe und Gewicht f\u00fcr bessere Handhabung, entsprechend der IHF Vorgaben f\u00fcr harzfreie B\u00e4lle<\/li>\n<li>Optimaler R\u00fccksprung auch bei wenig Luftdruck<\/li>\n<li>Ideale Spiel- und Grip-Eigenschaften auch bei Trickw\u00fcrfen<\/li>\n<li>Latexblase f\u00fcr optimalen R\u00fccksprung<\/li>\n<\/ul>\n","protected":false},"excerpt":{"rendered":"<ul>\n<li>Must-have f\u00fcr alle Sporthallen, in denen Harzverbot herrscht! Der MAGIC WHITE \u00fcberzeugt mit hervorragendem Grip ganz ohne Harz.<\/li>\n<li>Gr\u00f6\u00dfe 0-3<\/li>\n<\/ul>\n","protected":false},"featured_media":24624,"template":"","meta":[],"product_brand":[],"product_cat":[160,65,195,20],"product_tag":[],"class_list":{"0":"post-24614","1":"product","2":"type-product","3":"status-publish","4":"has-post-thumbnail","6":"product_cat-baelle","7":"product_cat-erima","8":"product_cat-sgnebreu","9":"product_cat-sgh2ku","11":"first","12":"instock","13":"sale","14":"taxable","15":"shipping-taxable","16":"purchasable","17":"product-type-variable"},"yoast_head":"<!-- This site is optimized with the Yoast SEO plugin v27.4 - https:\/\/yoast.com\/product\/yoast-seo-wordpress\/ -->\n<title>Erima Magic White Handball - TEXMA Textilmarketing GmbH<\/title>\n<meta name=\"robots\" content=\"noindex, follow, max-snippet:-1, max-image-preview:large, max-video-preview:-1\" \/>\n<meta property=\"og:locale\" content=\"de_DE\" \/>\n<meta property=\"og:type\" content=\"article\" \/>\n<meta property=\"og:title\" content=\"Erima Magic White Handball - TEXMA Textilmarketing GmbH\" \/>\n<meta property=\"og:description\" content=\"Must-have f\u00fcr alle Sporthallen, in denen Harzverbot herrscht! Der MAGIC WHITE \u00fcberzeugt mit hervorragendem Grip ganz ohne Harz.  Gr\u00f6\u00dfe 0-3\" \/>\n<meta property=\"og:url\" content=\"https:\/\/shop.texma-gmbh.de\/1shop\/produkt\/erima-magic-white\/\" \/>\n<meta property=\"og:site_name\" content=\"TEXMA Textilmarketing GmbH\" \/>\n<meta property=\"article:modified_time\" content=\"2026-03-30T06:55:38+00:00\" \/>\n<meta property=\"og:image\" content=\"https:\/\/shop.texma-gmbh.de\/1shop\/wp-content\/uploads\/sites\/4\/2024\/07\/7202401_V-e1721659651364.jpg\" \/>\n\t<meta property=\"og:image:width\" content=\"385\" \/>\n\t<meta property=\"og:image:height\" content=\"385\" \/>\n\t<meta property=\"og:image:type\" content=\"image\/jpeg\" \/>\n<meta name=\"twitter:card\" content=\"summary_large_image\" \/>\n<meta name=\"twitter:label1\" content=\"Gesch\u00e4tzte Lesezeit\" \/>\n\t<meta name=\"twitter:data1\" content=\"1\u00a0Minute\" \/>\n<script type=\"application\/ld+json\" class=\"yoast-schema-graph\">{\"@context\":\"https:\\\/\\\/schema.org\",\"@graph\":[{\"@type\":\"WebPage\",\"@id\":\"https:\\\/\\\/shop.texma-gmbh.de\\\/1shop\\\/produkt\\\/erima-magic-white\\\/\",\"url\":\"https:\\\/\\\/shop.texma-gmbh.de\\\/1shop\\\/produkt\\\/erima-magic-white\\\/\",\"name\":\"Erima Magic White Handball - TEXMA Textilmarketing GmbH\",\"isPartOf\":{\"@id\":\"https:\\\/\\\/shop.texma-gmbh.de\\\/1shop\\\/#website\"},\"primaryImageOfPage\":{\"@id\":\"https:\\\/\\\/shop.texma-gmbh.de\\\/1shop\\\/produkt\\\/erima-magic-white\\\/#primaryimage\"},\"image\":{\"@id\":\"https:\\\/\\\/shop.texma-gmbh.de\\\/1shop\\\/produkt\\\/erima-magic-white\\\/#primaryimage\"},\"thumbnailUrl\":\"https:\\\/\\\/shop.texma-gmbh.de\\\/1shop\\\/wp-content\\\/uploads\\\/sites\\\/4\\\/2024\\\/07\\\/7202401_V-e1721659651364.jpg\",\"datePublished\":\"2024-07-22T12:52:43+00:00\",\"dateModified\":\"2026-03-30T06:55:38+00:00\",\"breadcrumb\":{\"@id\":\"https:\\\/\\\/shop.texma-gmbh.de\\\/1shop\\\/produkt\\\/erima-magic-white\\\/#breadcrumb\"},\"inLanguage\":\"de\",\"potentialAction\":[{\"@type\":\"ReadAction\",\"target\":[\"https:\\\/\\\/shop.texma-gmbh.de\\\/1shop\\\/produkt\\\/erima-magic-white\\\/\"]}]},{\"@type\":\"ImageObject\",\"inLanguage\":\"de\",\"@id\":\"https:\\\/\\\/shop.texma-gmbh.de\\\/1shop\\\/produkt\\\/erima-magic-white\\\/#primaryimage\",\"url\":\"https:\\\/\\\/shop.texma-gmbh.de\\\/1shop\\\/wp-content\\\/uploads\\\/sites\\\/4\\\/2024\\\/07\\\/7202401_V-e1721659651364.jpg\",\"contentUrl\":\"https:\\\/\\\/shop.texma-gmbh.de\\\/1shop\\\/wp-content\\\/uploads\\\/sites\\\/4\\\/2024\\\/07\\\/7202401_V-e1721659651364.jpg\",\"width\":385,\"height\":385},{\"@type\":\"BreadcrumbList\",\"@id\":\"https:\\\/\\\/shop.texma-gmbh.de\\\/1shop\\\/produkt\\\/erima-magic-white\\\/#breadcrumb\",\"itemListElement\":[{\"@type\":\"ListItem\",\"position\":1,\"name\":\"Startseite\",\"item\":\"https:\\\/\\\/shop.texma-gmbh.de\\\/1shop\\\/\"},{\"@type\":\"ListItem\",\"position\":2,\"name\":\"Shop\",\"item\":\"https:\\\/\\\/shop.texma-gmbh.de\\\/1shop\\\/shop\\\/\"},{\"@type\":\"ListItem\",\"position\":3,\"name\":\"Erima Magic White Handball\"}]},{\"@type\":\"WebSite\",\"@id\":\"https:\\\/\\\/shop.texma-gmbh.de\\\/1shop\\\/#website\",\"url\":\"https:\\\/\\\/shop.texma-gmbh.de\\\/1shop\\\/\",\"name\":\"TEXMA Textilmarketing GmbH\",\"description\":\"\",\"potentialAction\":[{\"@type\":\"SearchAction\",\"target\":{\"@type\":\"EntryPoint\",\"urlTemplate\":\"https:\\\/\\\/shop.texma-gmbh.de\\\/1shop\\\/?s={search_term_string}\"},\"query-input\":{\"@type\":\"PropertyValueSpecification\",\"valueRequired\":true,\"valueName\":\"search_term_string\"}}],\"inLanguage\":\"de\"}]}<\/script>\n<!-- \/ Yoast SEO plugin. -->","yoast_head_json":{"title":"Erima Magic White Handball - TEXMA Textilmarketing GmbH","robots":{"index":"noindex","follow":"follow","max-snippet":"max-snippet:-1","max-image-preview":"max-image-preview:large","max-video-preview":"max-video-preview:-1"},"og_locale":"de_DE","og_type":"article","og_title":"Erima Magic White Handball - TEXMA Textilmarketing GmbH","og_description":"Must-have f\u00fcr alle Sporthallen, in denen Harzverbot herrscht! Der MAGIC WHITE \u00fcberzeugt mit hervorragendem Grip ganz ohne Harz.  Gr\u00f6\u00dfe 0-3","og_url":"https:\/\/shop.texma-gmbh.de\/1shop\/produkt\/erima-magic-white\/","og_site_name":"TEXMA Textilmarketing GmbH","article_modified_time":"2026-03-30T06:55:38+00:00","og_image":[{"width":385,"height":385,"url":"https:\/\/shop.texma-gmbh.de\/1shop\/wp-content\/uploads\/sites\/4\/2024\/07\/7202401_V-e1721659651364.jpg","type":"image\/jpeg"}],"twitter_card":"summary_large_image","twitter_misc":{"Gesch\u00e4tzte Lesezeit":"1\u00a0Minute"},"schema":{"@context":"https:\/\/schema.org","@graph":[{"@type":"WebPage","@id":"https:\/\/shop.texma-gmbh.de\/1shop\/produkt\/erima-magic-white\/","url":"https:\/\/shop.texma-gmbh.de\/1shop\/produkt\/erima-magic-white\/","name":"Erima Magic White Handball - TEXMA Textilmarketing GmbH","isPartOf":{"@id":"https:\/\/shop.texma-gmbh.de\/1shop\/#website"},"primaryImageOfPage":{"@id":"https:\/\/shop.texma-gmbh.de\/1shop\/produkt\/erima-magic-white\/#primaryimage"},"image":{"@id":"https:\/\/shop.texma-gmbh.de\/1shop\/produkt\/erima-magic-white\/#primaryimage"},"thumbnailUrl":"https:\/\/shop.texma-gmbh.de\/1shop\/wp-content\/uploads\/sites\/4\/2024\/07\/7202401_V-e1721659651364.jpg","datePublished":"2024-07-22T12:52:43+00:00","dateModified":"2026-03-30T06:55:38+00:00","breadcrumb":{"@id":"https:\/\/shop.texma-gmbh.de\/1shop\/produkt\/erima-magic-white\/#breadcrumb"},"inLanguage":"de","potentialAction":[{"@type":"ReadAction","target":["https:\/\/shop.texma-gmbh.de\/1shop\/produkt\/erima-magic-white\/"]}]},{"@type":"ImageObject","inLanguage":"de","@id":"https:\/\/shop.texma-gmbh.de\/1shop\/produkt\/erima-magic-white\/#primaryimage","url":"https:\/\/shop.texma-gmbh.de\/1shop\/wp-content\/uploads\/sites\/4\/2024\/07\/7202401_V-e1721659651364.jpg","contentUrl":"https:\/\/shop.texma-gmbh.de\/1shop\/wp-content\/uploads\/sites\/4\/2024\/07\/7202401_V-e1721659651364.jpg","width":385,"height":385},{"@type":"BreadcrumbList","@id":"https:\/\/shop.texma-gmbh.de\/1shop\/produkt\/erima-magic-white\/#breadcrumb","itemListElement":[{"@type":"ListItem","position":1,"name":"Startseite","item":"https:\/\/shop.texma-gmbh.de\/1shop\/"},{"@type":"ListItem","position":2,"name":"Shop","item":"https:\/\/shop.texma-gmbh.de\/1shop\/shop\/"},{"@type":"ListItem","position":3,"name":"Erima Magic White Handball"}]},{"@type":"WebSite","@id":"https:\/\/shop.texma-gmbh.de\/1shop\/#website","url":"https:\/\/shop.texma-gmbh.de\/1shop\/","name":"TEXMA Textilmarketing GmbH","description":"","potentialAction":[{"@type":"SearchAction","target":{"@type":"EntryPoint","urlTemplate":"https:\/\/shop.texma-gmbh.de\/1shop\/?s={search_term_string}"},"query-input":{"@type":"PropertyValueSpecification","valueRequired":true,"valueName":"search_term_string"}}],"inLanguage":"de"}]}},"jetpack_sharing_enabled":true,"_links":{"self":[{"href":"https:\/\/shop.texma-gmbh.de\/1shop\/wp-json\/wp\/v2\/product\/24614","targetHints":{"allow":["GET"]}}],"collection":[{"href":"https:\/\/shop.texma-gmbh.de\/1shop\/wp-json\/wp\/v2\/product"}],"about":[{"href":"https:\/\/shop.texma-gmbh.de\/1shop\/wp-json\/wp\/v2\/types\/product"}],"version-history":[{"count":4,"href":"https:\/\/shop.texma-gmbh.de\/1shop\/wp-json\/wp\/v2\/product\/24614\/revisions"}],"predecessor-version":[{"id":27458,"href":"https:\/\/shop.texma-gmbh.de\/1shop\/wp-json\/wp\/v2\/product\/24614\/revisions\/27458"}],"wp:featuredmedia":[{"embeddable":true,"href":"https:\/\/shop.texma-gmbh.de\/1shop\/wp-json\/wp\/v2\/media\/24624"}],"wp:attachment":[{"href":"https:\/\/shop.texma-gmbh.de\/1shop\/wp-json\/wp\/v2\/media?parent=24614"}],"wp:term":[{"taxonomy":"product_brand","embeddable":true,"href":"https:\/\/shop.texma-gmbh.de\/1shop\/wp-json\/wp\/v2\/product_brand?post=24614"},{"taxonomy":"product_cat","embeddable":true,"href":"https:\/\/shop.texma-gmbh.de\/1shop\/wp-json\/wp\/v2\/product_cat?post=24614"},{"taxonomy":"product_tag","embeddable":true,"href":"https:\/\/shop.texma-gmbh.de\/1shop\/wp-json\/wp\/v2\/product_tag?post=24614"}],"curies":[{"name":"wp","href":"https:\/\/api.w.org\/{rel}","templated":true}]}}