{"id":308,"date":"2020-02-26T09:57:46","date_gmt":"2020-02-26T08:57:46","guid":{"rendered":"https:\/\/shop.texma-gmbh.de\/1shop\/widerrufsbelehrung\/"},"modified":"2023-09-18T09:21:22","modified_gmt":"2023-09-18T07:21:22","slug":"widerrufsbelehrung","status":"publish","type":"page","link":"https:\/\/shop.texma-gmbh.de\/1shop\/widerrufsbelehrung\/","title":{"rendered":"Widerrufsbelehrung"},"content":{"rendered":"\t\t<div data-elementor-type=\"wp-page\" data-elementor-id=\"308\" class=\"elementor elementor-308\">\n\t\t\t\t\t\t<section class=\"elementor-section elementor-top-section elementor-element elementor-element-3898f1fe elementor-section-boxed elementor-section-height-default elementor-section-height-default\" data-id=\"3898f1fe\" data-element_type=\"section\" data-e-type=\"section\">\n\t\t\t\t\t\t<div class=\"elementor-container elementor-column-gap-default\">\n\t\t\t\t\t<div class=\"elementor-column elementor-col-100 elementor-top-column elementor-element elementor-element-6f92d621\" data-id=\"6f92d621\" data-element_type=\"column\" data-e-type=\"column\">\n\t\t\t<div class=\"elementor-widget-wrap elementor-element-populated\">\n\t\t\t\t\t\t<div class=\"elementor-element elementor-element-1e055726 elementor-widget elementor-widget-text-editor\" data-id=\"1e055726\" data-element_type=\"widget\" data-e-type=\"widget\" data-widget_type=\"text-editor.default\">\n\t\t\t\t<div class=\"elementor-widget-container\">\n\t\t\t\t\t\t\t\t\t<p><b> Widerrufsrecht f\u00fcr Verbraucher<\/b><\/p><p>Verbrauchern steht ein Widerrufsrecht nach folgender Ma\u00dfgabe zu, wobei Verbraucher jede nat\u00fcrliche Person ist, die ein Rechtsgesch\u00e4ft zu Zwecken abschlie\u00dft, die \u00fcberwiegend weder ihrer gewerblichen noch ihrer selbst\u00e4ndigen beruflichen T\u00e4tigkeit zugerechnet werden k\u00f6nnen:<\/p><p>Widerrufsbelehrung<\/p><p><b>Widerrufsrecht<\/b><\/p><p>Sie haben das Recht, binnen vierzehn Tagen ohne Angabe von Gr\u00fcnden diesen Vertrag zu widerrufen.<\/p><p>Die Widerrufsfrist betr\u00e4gt vierzehn Tage, ab dem Tag, an dem Sie oder ein von Ihnen benannter Dritter, der nicht der Bef\u00f6rderer ist, die Waren in Besitz genommen haben bzw. hat.<\/p><p>Um Ihr Widerrufsrecht auszu\u00fcben, m\u00fcssen Sie uns<\/p><div>TEXMA Textilmarketing GmbH<br \/>Herbert B\u00f6kle<br \/>Benzstra\u00dfe 32<br \/>D-71083 Herrenberg<br \/>E-Mail info@texma-gmbh.de<\/div><p>mittels einer eindeutigen Erkl\u00e4rung (z.B. ein mit der Post versandter Brief, Telefax oder E-Mail) \u00fcber Ihren Entschluss, diesen Vertrag zu widerrufen, informieren. Sie k\u00f6nnen daf\u00fcr das beigef\u00fcgte Muster-Widerrufsformular verwenden, das jedoch nicht vorgeschrieben ist.<\/p><ol><li><b>Widerrufsfolgen<\/b><\/li><\/ol><p>Wenn Sie diesen Vertrag widerrufen, haben wir Ihnen alle Zahlungen, die wir von Ihnen erhalten haben, einschlie\u00dflich der Lieferkosten (mit Ausnahme der zus\u00e4tzlichen Kosten, die sich daraus ergeben, dass Sie eine andere Art der Lieferung als die von uns angebotene, g\u00fcnstigste Standardlieferung gew\u00e4hlt haben), unverz\u00fcglich und sp\u00e4testens binnen vierzehn Tagen ab dem Tag zur\u00fcckzuzahlen, an dem die Mitteilung \u00fcber Ihren Widerruf dieses Vertrags bei uns eingegangen ist. F\u00fcr diese R\u00fcckzahlung verwenden wir dasselbe Zahlungsmittel, das Sie bei der urspr\u00fcnglichen Transaktion eingesetzt haben, es sei denn, mit Ihnen wurde ausdr\u00fccklich etwas anderes vereinbart; in keinem Fall werden Ihnen wegen dieser R\u00fcckzahlung Entgelte berechnet.<\/p><p>Wir k\u00f6nnen die R\u00fcckzahlung verweigern, bis wir die Waren wieder zur\u00fcckerhalten haben oder bis Sie den Nachweis erbracht haben, dass Sie die Waren zur\u00fcckgesandt haben, je nachdem, welches der fr\u00fchere Zeitpunkt ist.<\/p><p>Sie haben die Waren unverz\u00fcglich und in jedem Fall sp\u00e4testens binnen vierzehn Tagen ab dem Tag, an dem Sie uns \u00fcber den Widerruf dieses Vertrages unterrichten, an uns zur\u00fcckzusenden oder zu \u00fcbergeben. Die Frist ist gewahrt, wenn Sie die Waren vor Ablauf der Frist von vierzehn Tagen absenden.<\/p><p>Sie tragen die unmittelbaren Kosten der R\u00fccksendung der Waren.<\/p><p><span class=\"s1\"><strong>2. Ausschluss des Widerrufsrechts:<\/strong> <\/span><\/p><p><span class=\"s1\">Das Widerrufsrecht besteht nicht bei Vertr\u00e4gen zur Lieferung von Waren, die nach Kundenspezifikation angefertigt werden oder eindeutig auf die pers\u00f6nlichen Bed\u00fcrfnisse zugeschnitten sind. Dies betrifft vor allem Produkte, die mittels Veredelung (Druck-, Flock-, Transferverfahren) individualisiert wurden. Die gesetzlichen Gew\u00e4hrleistungsrechte bleiben hiervon unber\u00fchrt.<\/span><\/p><p><b>Ende der Widerrufsbelehrung<\/b><\/p><p>****************************************************************************************************<\/p><p><strong>Widerrufsformular<\/strong><\/p><p>Muster-Widerrufsformular<\/p><p>(Wenn Sie den Vertrag widerrufen wollen, dann f\u00fcllen Sie bitte dieses Formular aus und senden Sie es zur\u00fcck.)<\/p><div>An :<br \/>TEXMA Textilmarketing GmbH<br \/>Herbert B\u00f6kle<br \/>Benzstra\u00dfe 32<br \/>D-71083 Herrenberg<br \/>E-Mail info@texma-gmbh.de<\/div><div>\u00a0<\/div><div><p>Hiermit widerrufe(n) ich\/wir (*) den von mir\/uns (*) abgeschlossenen Vertrag \u00fcber den Kauf der folgenden Waren (*)\/die Erbringung der folgenden Dienstleistung (*)_____________________________________________________Bestellt am (*)\/erhalten am (*)__________________Name des\/der Verbraucher(s)<\/p><p>_____________________________________________________<\/p><p>Anschrift des\/der Verbraucher(s)<\/p><p>_____________________________________________________<\/p><p>Unterschrift des\/der Verbraucher(s) (nur bei Mitteilung auf Papier)<\/p><p>__________________<\/p><p>Datum<\/p><p>__________________<\/p><\/div><p>(*) Unzutreffendes streichen.<\/p><p>\u00a78 Gew\u00e4hrleistung<\/p><p>Es gelten die gesetzlichen Gew\u00e4hrleistungsregelungen.<\/p><p>\u00a79 Vertragssprache<\/p><p>Als Vertragssprache steht ausschlie\u00dflich Deutsch zur Verf\u00fcgung.<\/p>\t\t\t\t\t\t\t\t<\/div>\n\t\t\t\t<\/div>\n\t\t\t\t\t<\/div>\n\t\t<\/div>\n\t\t\t\t\t<\/div>\n\t\t<\/section>\n\t\t\t\t<\/div>\n\t\t","protected":false},"excerpt":{"rendered":"<p>Widerrufsrecht f\u00fcr Verbraucher Verbrauchern steht ein Widerrufsrecht nach folgender Ma\u00dfgabe zu, wobei Verbraucher jede nat\u00fcrliche Person ist, die ein Rechtsgesch\u00e4ft\u2026<\/p>\n","protected":false},"author":6,"featured_media":0,"parent":0,"menu_order":0,"comment_status":"closed","ping_status":"closed","template":"","meta":{"footnotes":""},"class_list":["post-308","page","type-page","status-publish","hentry"],"yoast_head":"<!-- This site is optimized with the Yoast SEO plugin v27.4 - https:\/\/yoast.com\/product\/yoast-seo-wordpress\/ -->\n<title>Widerrufsbelehrung - TEXMA Textilmarketing GmbH<\/title>\n<meta name=\"robots\" content=\"noindex, follow, max-snippet:-1, max-image-preview:large, max-video-preview:-1\" \/>\n<meta property=\"og:locale\" content=\"de_DE\" \/>\n<meta property=\"og:type\" content=\"article\" \/>\n<meta property=\"og:title\" content=\"Widerrufsbelehrung - TEXMA Textilmarketing GmbH\" \/>\n<meta property=\"og:description\" content=\"Widerrufsrecht f\u00fcr Verbraucher Verbrauchern steht ein Widerrufsrecht nach folgender Ma\u00dfgabe zu, wobei Verbraucher jede nat\u00fcrliche Person ist, die ein Rechtsgesch\u00e4ft\u2026\" \/>\n<meta property=\"og:url\" content=\"https:\/\/shop.texma-gmbh.de\/1shop\/widerrufsbelehrung\/\" \/>\n<meta property=\"og:site_name\" content=\"TEXMA Textilmarketing GmbH\" \/>\n<meta property=\"article:modified_time\" content=\"2023-09-18T07:21:22+00:00\" \/>\n<meta name=\"twitter:card\" content=\"summary_large_image\" \/>\n<meta name=\"twitter:label1\" content=\"Gesch\u00e4tzte Lesezeit\" \/>\n\t<meta name=\"twitter:data1\" content=\"3\u00a0Minuten\" \/>\n<script type=\"application\/ld+json\" class=\"yoast-schema-graph\">{\"@context\":\"https:\\\/\\\/schema.org\",\"@graph\":[{\"@type\":\"WebPage\",\"@id\":\"https:\\\/\\\/shop.texma-gmbh.de\\\/1shop\\\/widerrufsbelehrung\\\/\",\"url\":\"https:\\\/\\\/shop.texma-gmbh.de\\\/1shop\\\/widerrufsbelehrung\\\/\",\"name\":\"Widerrufsbelehrung - TEXMA Textilmarketing GmbH\",\"isPartOf\":{\"@id\":\"https:\\\/\\\/shop.texma-gmbh.de\\\/1shop\\\/#website\"},\"datePublished\":\"2020-02-26T08:57:46+00:00\",\"dateModified\":\"2023-09-18T07:21:22+00:00\",\"breadcrumb\":{\"@id\":\"https:\\\/\\\/shop.texma-gmbh.de\\\/1shop\\\/widerrufsbelehrung\\\/#breadcrumb\"},\"inLanguage\":\"de\",\"potentialAction\":[{\"@type\":\"ReadAction\",\"target\":[\"https:\\\/\\\/shop.texma-gmbh.de\\\/1shop\\\/widerrufsbelehrung\\\/\"]}]},{\"@type\":\"BreadcrumbList\",\"@id\":\"https:\\\/\\\/shop.texma-gmbh.de\\\/1shop\\\/widerrufsbelehrung\\\/#breadcrumb\",\"itemListElement\":[{\"@type\":\"ListItem\",\"position\":1,\"name\":\"Startseite\",\"item\":\"https:\\\/\\\/shop.texma-gmbh.de\\\/1shop\\\/\"},{\"@type\":\"ListItem\",\"position\":2,\"name\":\"Widerrufsbelehrung\"}]},{\"@type\":\"WebSite\",\"@id\":\"https:\\\/\\\/shop.texma-gmbh.de\\\/1shop\\\/#website\",\"url\":\"https:\\\/\\\/shop.texma-gmbh.de\\\/1shop\\\/\",\"name\":\"TEXMA Textilmarketing GmbH\",\"description\":\"\",\"potentialAction\":[{\"@type\":\"SearchAction\",\"target\":{\"@type\":\"EntryPoint\",\"urlTemplate\":\"https:\\\/\\\/shop.texma-gmbh.de\\\/1shop\\\/?s={search_term_string}\"},\"query-input\":{\"@type\":\"PropertyValueSpecification\",\"valueRequired\":true,\"valueName\":\"search_term_string\"}}],\"inLanguage\":\"de\"}]}<\/script>\n<!-- \/ Yoast SEO plugin. -->","yoast_head_json":{"title":"Widerrufsbelehrung - TEXMA Textilmarketing GmbH","robots":{"index":"noindex","follow":"follow","max-snippet":"max-snippet:-1","max-image-preview":"max-image-preview:large","max-video-preview":"max-video-preview:-1"},"og_locale":"de_DE","og_type":"article","og_title":"Widerrufsbelehrung - TEXMA Textilmarketing GmbH","og_description":"Widerrufsrecht f\u00fcr Verbraucher Verbrauchern steht ein Widerrufsrecht nach folgender Ma\u00dfgabe zu, wobei Verbraucher jede nat\u00fcrliche Person ist, die ein Rechtsgesch\u00e4ft\u2026","og_url":"https:\/\/shop.texma-gmbh.de\/1shop\/widerrufsbelehrung\/","og_site_name":"TEXMA Textilmarketing GmbH","article_modified_time":"2023-09-18T07:21:22+00:00","twitter_card":"summary_large_image","twitter_misc":{"Gesch\u00e4tzte Lesezeit":"3\u00a0Minuten"},"schema":{"@context":"https:\/\/schema.org","@graph":[{"@type":"WebPage","@id":"https:\/\/shop.texma-gmbh.de\/1shop\/widerrufsbelehrung\/","url":"https:\/\/shop.texma-gmbh.de\/1shop\/widerrufsbelehrung\/","name":"Widerrufsbelehrung - TEXMA Textilmarketing GmbH","isPartOf":{"@id":"https:\/\/shop.texma-gmbh.de\/1shop\/#website"},"datePublished":"2020-02-26T08:57:46+00:00","dateModified":"2023-09-18T07:21:22+00:00","breadcrumb":{"@id":"https:\/\/shop.texma-gmbh.de\/1shop\/widerrufsbelehrung\/#breadcrumb"},"inLanguage":"de","potentialAction":[{"@type":"ReadAction","target":["https:\/\/shop.texma-gmbh.de\/1shop\/widerrufsbelehrung\/"]}]},{"@type":"BreadcrumbList","@id":"https:\/\/shop.texma-gmbh.de\/1shop\/widerrufsbelehrung\/#breadcrumb","itemListElement":[{"@type":"ListItem","position":1,"name":"Startseite","item":"https:\/\/shop.texma-gmbh.de\/1shop\/"},{"@type":"ListItem","position":2,"name":"Widerrufsbelehrung"}]},{"@type":"WebSite","@id":"https:\/\/shop.texma-gmbh.de\/1shop\/#website","url":"https:\/\/shop.texma-gmbh.de\/1shop\/","name":"TEXMA Textilmarketing GmbH","description":"","potentialAction":[{"@type":"SearchAction","target":{"@type":"EntryPoint","urlTemplate":"https:\/\/shop.texma-gmbh.de\/1shop\/?s={search_term_string}"},"query-input":{"@type":"PropertyValueSpecification","valueRequired":true,"valueName":"search_term_string"}}],"inLanguage":"de"}]}},"jetpack_sharing_enabled":true,"_links":{"self":[{"href":"https:\/\/shop.texma-gmbh.de\/1shop\/wp-json\/wp\/v2\/pages\/308","targetHints":{"allow":["GET"]}}],"collection":[{"href":"https:\/\/shop.texma-gmbh.de\/1shop\/wp-json\/wp\/v2\/pages"}],"about":[{"href":"https:\/\/shop.texma-gmbh.de\/1shop\/wp-json\/wp\/v2\/types\/page"}],"author":[{"embeddable":true,"href":"https:\/\/shop.texma-gmbh.de\/1shop\/wp-json\/wp\/v2\/users\/6"}],"replies":[{"embeddable":true,"href":"https:\/\/shop.texma-gmbh.de\/1shop\/wp-json\/wp\/v2\/comments?post=308"}],"version-history":[{"count":4,"href":"https:\/\/shop.texma-gmbh.de\/1shop\/wp-json\/wp\/v2\/pages\/308\/revisions"}],"predecessor-version":[{"id":23920,"href":"https:\/\/shop.texma-gmbh.de\/1shop\/wp-json\/wp\/v2\/pages\/308\/revisions\/23920"}],"wp:attachment":[{"href":"https:\/\/shop.texma-gmbh.de\/1shop\/wp-json\/wp\/v2\/media?parent=308"}],"curies":[{"name":"wp","href":"https:\/\/api.w.org\/{rel}","templated":true}]}}